{"id":232349,"date":"2026-05-07T09:29:07","date_gmt":"2026-05-07T06:29:07","guid":{"rendered":"https:\/\/juguetessexualess.es\/product\/bijoux-desir-metallique-silver-metallic-handcuffs\/"},"modified":"2026-05-07T09:29:07","modified_gmt":"2026-05-07T06:29:07","slug":"bijoux-desir-metallique-silver-metallic-handcuffs","status":"publish","type":"product","link":"https:\/\/juguetessexualess.es\/en\/product\/bijoux-desir-metallique-silver-metallic-handcuffs\/","title":{"rendered":"BIJOUX \u2013 D\u00c9SIR M\u00c9TALLIQUE SILVER METALLIC HANDCUFFS"},"content":{"rendered":"<p>D\u00e9sir M\u00e9tallique is the definitive accessory for the most glamorous seductresses: original bracelets to wear on any occasion and handcuffs in moments of passion.<\/p>\n<p> Contents: adjustable metal mesh handcuffs.<\/p>\n<p> &#8211; Dual purpose! Elegant bracelets for any occasion and handcuffs for your moments of passion.<\/p>\n<p> &#8211; 100% Adjustable! The bracelet chains are adjustable.<\/p>\n<p> &#8211; Scandal set! Combine your bracelets with the D\u00e9sir M\u00e9tallique necklace.<\/p>\n<p> &#8211; Combine it with an evening look, lingerie, or simply with your skin.<\/p>\n<p> &#8211; Play without problems! It does not contain nickel so it does not cause allergic reactions.<\/p>\n<p> &#8211; Exclusive design by Bijoux Indiscrets.<\/p>\n<p> &#8211; Lets play? The delicate appearance of our bracelets is deceptive, turn them into the necessary instruments to delve into<\/p>\n<p> in the world of soft bondage. <\/p>\n<p style=\"text-align: center;\"><iframe loading=\"lazy\" allowfullscreen=\"\" frameborder=\"0\" height=\"300\" scrolling=\"no\" src=\"https:\/\/www.youtube.com\/embed\/35-d1Vjjeoc?rel=0controls=0showinfo=0\" width=\"800\"><\/iframe><\/p>\n","protected":false},"excerpt":{"rendered":"<p>BIJOUX &#8211; D\u00c9SIR M\u00c9TALLIQUE SILVER METALLIC HANDCUFFS<\/p>\n","protected":false},"featured_media":200190,"comment_status":"","ping_status":"closed","template":"","meta":{"_seopress_robots_primary_cat":"","_seopress_titles_title":"","_seopress_titles_desc":"","_seopress_robots_index":""},"product_brand":[],"product_cat":[1141,1094,1145,1128,1118,1075,1079,987,988,1140],"product_tag":[],"class_list":{"0":"post-232349","1":"product","2":"type-product","3":"status-publish","4":"has-post-thumbnail","6":"product_cat-accesorios","7":"product_cat-bdsm-bondage","8":"product_cat-joyeria-para-el-cuerpo","9":"product_cat-moda-lenceria","10":"product_cat-esposas","11":"product_cat-mascaras-y-esposas","12":"product_cat-toys-fabricados-en-metal","13":"product_cat-offers","14":"product_cat-wellness-toys","15":"product_cat-lenceria-mujer","17":"first","18":"instock","19":"taxable","20":"shipping-taxable","21":"purchasable","22":"product-type-simple"},"jetpack_sharing_enabled":true,"_links":{"self":[{"href":"https:\/\/juguetessexualess.es\/en\/wp-json\/wp\/v2\/product\/232349","targetHints":{"allow":["GET"]}}],"collection":[{"href":"https:\/\/juguetessexualess.es\/en\/wp-json\/wp\/v2\/product"}],"about":[{"href":"https:\/\/juguetessexualess.es\/en\/wp-json\/wp\/v2\/types\/product"}],"replies":[{"embeddable":true,"href":"https:\/\/juguetessexualess.es\/en\/wp-json\/wp\/v2\/comments?post=232349"}],"version-history":[{"count":0,"href":"https:\/\/juguetessexualess.es\/en\/wp-json\/wp\/v2\/product\/232349\/revisions"}],"wp:featuredmedia":[{"embeddable":true,"href":"https:\/\/juguetessexualess.es\/en\/wp-json\/wp\/v2\/media\/200190"}],"wp:attachment":[{"href":"https:\/\/juguetessexualess.es\/en\/wp-json\/wp\/v2\/media?parent=232349"}],"wp:term":[{"taxonomy":"product_brand","embeddable":true,"href":"https:\/\/juguetessexualess.es\/en\/wp-json\/wp\/v2\/product_brand?post=232349"},{"taxonomy":"product_cat","embeddable":true,"href":"https:\/\/juguetessexualess.es\/en\/wp-json\/wp\/v2\/product_cat?post=232349"},{"taxonomy":"product_tag","embeddable":true,"href":"https:\/\/juguetessexualess.es\/en\/wp-json\/wp\/v2\/product_tag?post=232349"}],"curies":[{"name":"wp","href":"https:\/\/api.w.org\/{rel}","templated":true}]}}