{"id":244795,"date":"2026-01-21T23:09:59","date_gmt":"2026-01-21T21:09:59","guid":{"rendered":"https:\/\/juguetessexualess.es\/product\/secretplay-display-assortment-vagina-lollipops-strawberry-40-units\/"},"modified":"2026-05-14T12:17:32","modified_gmt":"2026-05-14T09:17:32","slug":"secretplay-display-assortment-vagina-lollipops-strawberry-40-units","status":"publish","type":"product","link":"https:\/\/juguetessexualess.es\/en\/product\/secretplay-display-assortment-vagina-lollipops-strawberry-40-units\/","title":{"rendered":"SECRETPLAY &#8211; DISPLAY ASSORTMENT VAGINA LOLLIPOPS STRAWBERRY 40 UNITS"},"content":{"rendered":"<p><u><em><strong>&#8212; DISPLAY 40 UNITS &#8212;<\/strong><\/em><\/u><\/p>\n<p>\u00d1am, \u00f1am, \u00f1am\u2026 youre going to put your boots on devouring this strawberry lollipop\u00a0and vagina-shaped.<\/p>\n<p><u><strong>FEATURES:<\/strong><\/u><\/p>\n<ul>\n<li>100% edible<\/li>\n<li>Flavor: strawberry\u00a0<\/li>\n<li>Weight: 26 grams<\/li>\n<\/ul>\n<p>\u00a0<\/p>\n<p><strong>Ingredients:<\/strong><br \/>water, glucose syrup, sugar, gelatin, dye e124, artificial flavor, preservative e202, sweetener e420, acidulator e330, antioxidants e320, e321. e124<\/p>\n<ul>\n<li>Nutritional value (per 100g.): 976 KJ\/231 Kcal<\/li>\n<li>Saturated fat: 0.1g\/0g<\/li>\n<li>Carbohydrates\/sugars: 51.5g\/31.9g<\/li>\n<li>Proteins: 6g<\/li>\n<li>Weight: 1.6g<\/li>\n<\/ul>\n","protected":false},"excerpt":{"rendered":"<p>SECRETPLAY &#8211; DISPLAY ASSORTMENT VAGINA LOLLIPOPS STRAWBERRY 40 UNITS<\/p>\n","protected":false},"featured_media":191767,"comment_status":"closed","ping_status":"closed","template":"","meta":{"_seopress_robots_primary_cat":"","_seopress_titles_title":"","_seopress_titles_desc":"","_seopress_robots_index":"","_seopress_analysis_target_kw":""},"product_brand":[],"product_cat":[353,344,703,705],"product_tag":[],"class_list":{"0":"post-244795","1":"product","2":"type-product","3":"status-publish","4":"has-post-thumbnail","6":"product_cat-articulos-variosarticulos-divertidos","7":"product_cat-articulos-varios","8":"product_cat-articulos-variosdulces","9":"product_cat-articulos-variosdulcesgolosinas-divertidas","10":"yith_product_brand-secretplay","11":"yith_product_brand-secretplaysecretplay-cosmetic","13":"first","14":"instock","15":"taxable","16":"shipping-taxable","17":"purchasable","18":"product-type-simple"},"jetpack_sharing_enabled":true,"_links":{"self":[{"href":"https:\/\/juguetessexualess.es\/en\/wp-json\/wp\/v2\/product\/244795","targetHints":{"allow":["GET"]}}],"collection":[{"href":"https:\/\/juguetessexualess.es\/en\/wp-json\/wp\/v2\/product"}],"about":[{"href":"https:\/\/juguetessexualess.es\/en\/wp-json\/wp\/v2\/types\/product"}],"replies":[{"embeddable":true,"href":"https:\/\/juguetessexualess.es\/en\/wp-json\/wp\/v2\/comments?post=244795"}],"version-history":[{"count":1,"href":"https:\/\/juguetessexualess.es\/en\/wp-json\/wp\/v2\/product\/244795\/revisions"}],"predecessor-version":[{"id":285608,"href":"https:\/\/juguetessexualess.es\/en\/wp-json\/wp\/v2\/product\/244795\/revisions\/285608"}],"wp:featuredmedia":[{"embeddable":true,"href":"https:\/\/juguetessexualess.es\/en\/wp-json\/wp\/v2\/media\/191767"}],"wp:attachment":[{"href":"https:\/\/juguetessexualess.es\/en\/wp-json\/wp\/v2\/media?parent=244795"}],"wp:term":[{"taxonomy":"product_brand","embeddable":true,"href":"https:\/\/juguetessexualess.es\/en\/wp-json\/wp\/v2\/product_brand?post=244795"},{"taxonomy":"product_cat","embeddable":true,"href":"https:\/\/juguetessexualess.es\/en\/wp-json\/wp\/v2\/product_cat?post=244795"},{"taxonomy":"product_tag","embeddable":true,"href":"https:\/\/juguetessexualess.es\/en\/wp-json\/wp\/v2\/product_tag?post=244795"}],"curies":[{"name":"wp","href":"https:\/\/api.w.org\/{rel}","templated":true}]}}