{"id":244906,"date":"2026-01-20T11:00:39","date_gmt":"2026-01-20T09:00:39","guid":{"rendered":"https:\/\/juguetessexualess.es\/product\/silexd-premium-thermoreactive-silicone-realistic-penis-17-8-cm\/"},"modified":"2026-05-15T06:18:07","modified_gmt":"2026-05-15T03:18:07","slug":"silexd-premium-thermoreactive-silicone-realistic-penis-17-8-cm","status":"publish","type":"product","link":"https:\/\/juguetessexualess.es\/en\/product\/silexd-premium-thermoreactive-silicone-realistic-penis-17-8-cm\/","title":{"rendered":"SILEXD &#8211; PREMIUM THERMOREACTIVE SILICONE REALISTIC PENIS 17.8 CM"},"content":{"rendered":"<p>Descubra lo \u00faltimo en placer realista con el modelo Silexd Premium Real Skin de 1 7&#8243;. Fabricado con silicona l\u00edquida 100% s\u00faper suave y mejorado con material Silexpan de \u00faltima generaci\u00f3n, este consolador ofrece una sensaci\u00f3n sumamente realista que imita la sensaci\u00f3n natural del cuerpo humano.<\/p>\n<p><strong>Dise\u00f1o de doble densidad para una sensaci\u00f3n aut\u00e9ntica<\/strong><\/p>\n<p>Este consolador de doble densidad, con un exterior suave similar a la piel y un n\u00facleo interior firme, ofrece el equilibrio perfecto entre flexibilidad y estructura. Las venas texturizadas a lo largo del eje proporcionan una estimulaci\u00f3n mejorada, mientras que el tono p\u00e1lido y natural garantiza una apariencia muy realista.<\/p>\n<p><strong>Ergon\u00f3mico, seguro e higi\u00e9nico<\/strong><\/p>\n<p>Dise\u00f1ado para la comodidad y el placer, su forma ergon\u00f3mica se adapta de forma natural a la mano, lo que facilita su manejo durante el uso. Fabricado con materiales hipoalerg\u00e9nicos, no porosos e inodoros, garantiza una experiencia segura e higi\u00e9nica en todo momento. Este consolador, totalmente libre de ftalatos y seguro para el cuerpo, prioriza tu bienestar.<\/p>\n<p><strong>Tecnolog\u00eda de silicona termorreactiva<\/strong><\/p>\n<p>Experimente un nuevo nivel de personalizaci\u00f3n con silicona termorreactiva que se ajusta a la temperatura. Enfr\u00edela para una sensaci\u00f3n m\u00e1s firme o cali\u00e9ntela para una textura m\u00e1s suave y atractiva, adapt\u00e1ndose perfectamente a sus preferencias y a su temperatura corporal.<\/p>\n<p><strong>Resistente al agua y compatible para un juego vers\u00e1til<\/strong><\/p>\n<p>Totalmente resistente al agua, el modelo Silexd Premium Real Skin de 1 7\u201d es perfecto para usar en la ba\u00f1era o la ducha, lo que abre un mundo de posibilidades. Tambi\u00e9n es compatible con torsos de silicona, lo que permite una exploraci\u00f3n creativa y una mayor intimidad.<\/p>\n<p>Mejora tus momentos \u00edntimos con este consolador realista de primera calidad que combina realismo, innovaci\u00f3n y seguridad para una experiencia inolvidable.<\/p>\n<p><u><strong>CARACTER\u00cdSTICAS<\/strong><\/u><\/p>\n<ul>\n<li>Materiales:\u00a0SILEXPAN y piel de silicona l\u00edquida 100% libre de ftalatos<\/li>\n<li>Color: Carne con detalles realistas<\/li>\n<li>Di\u00e1metro insertable: 3,8\u00a0cm<\/li>\n<li>Longitud insertable:\u00a0\u00a013 cm<\/li>\n<li>Longitud m\u00e1xima:\u00a017,8 cm<\/li>\n<li>Di\u00e1metro de la base de succi\u00f3n: 6 cm<\/li>\n<li>Peso:\u00a0238 gr<\/li>\n<li>Sensaci\u00f3n real en la piel<\/li>\n<li>Termorreactivo<\/li>\n<li>Inodoro y no t\u00f3xico<\/li>\n<li>Exterior suave y n\u00facleo firme<\/li>\n<li>Impermeable<\/li>\n<li>\u00a0<\/li>\n<\/ul>\n","protected":false},"excerpt":{"rendered":"<p>SILEXD &#8211; PREMIUM THERMOREACTIVE SILICONE REALISTIC PENIS 17.8 CM<\/p>\n","protected":false},"featured_media":162843,"comment_status":"closed","ping_status":"closed","template":"","meta":{"_seopress_robots_primary_cat":"","_seopress_titles_title":"","_seopress_titles_desc":"","_seopress_robots_index":"","_seopress_analysis_target_kw":""},"product_brand":[],"product_cat":[109,72,146],"product_tag":[],"class_list":{"0":"post-244906","1":"product","2":"type-product","3":"status-publish","4":"has-post-thumbnail","6":"product_cat-juguetes-bienestar-dildos-sin-vibracion","7":"product_cat-juguetes-bienestar","8":"product_cat-juguetes-bienestar-dildos-sin-vibracionpenes-realisticos","9":"yith_product_brand-silexd","11":"first","12":"instock","13":"taxable","14":"shipping-taxable","15":"purchasable","16":"product-type-simple"},"jetpack_sharing_enabled":true,"_links":{"self":[{"href":"https:\/\/juguetessexualess.es\/en\/wp-json\/wp\/v2\/product\/244906","targetHints":{"allow":["GET"]}}],"collection":[{"href":"https:\/\/juguetessexualess.es\/en\/wp-json\/wp\/v2\/product"}],"about":[{"href":"https:\/\/juguetessexualess.es\/en\/wp-json\/wp\/v2\/types\/product"}],"replies":[{"embeddable":true,"href":"https:\/\/juguetessexualess.es\/en\/wp-json\/wp\/v2\/comments?post=244906"}],"version-history":[{"count":1,"href":"https:\/\/juguetessexualess.es\/en\/wp-json\/wp\/v2\/product\/244906\/revisions"}],"predecessor-version":[{"id":248195,"href":"https:\/\/juguetessexualess.es\/en\/wp-json\/wp\/v2\/product\/244906\/revisions\/248195"}],"wp:featuredmedia":[{"embeddable":true,"href":"https:\/\/juguetessexualess.es\/en\/wp-json\/wp\/v2\/media\/162843"}],"wp:attachment":[{"href":"https:\/\/juguetessexualess.es\/en\/wp-json\/wp\/v2\/media?parent=244906"}],"wp:term":[{"taxonomy":"product_brand","embeddable":true,"href":"https:\/\/juguetessexualess.es\/en\/wp-json\/wp\/v2\/product_brand?post=244906"},{"taxonomy":"product_cat","embeddable":true,"href":"https:\/\/juguetessexualess.es\/en\/wp-json\/wp\/v2\/product_cat?post=244906"},{"taxonomy":"product_tag","embeddable":true,"href":"https:\/\/juguetessexualess.es\/en\/wp-json\/wp\/v2\/product_tag?post=244906"}],"curies":[{"name":"wp","href":"https:\/\/api.w.org\/{rel}","templated":true}]}}