{"id":246601,"date":"2026-01-21T18:08:59","date_gmt":"2026-01-21T16:08:59","guid":{"rendered":"https:\/\/juguetessexualess.es\/product\/niya-n5-multi-use-intimate-massager-with-remote-control\/"},"modified":"2026-05-14T06:54:26","modified_gmt":"2026-05-14T03:54:26","slug":"niya-n5-multi-use-intimate-massager-with-remote-control","status":"publish","type":"product","link":"https:\/\/juguetessexualess.es\/en\/product\/niya-n5-multi-use-intimate-massager-with-remote-control\/","title":{"rendered":"NIYA &#8211; N5 MULTI-USE INTIMATE MASSAGER WITH REMOTE CONTROL"},"content":{"rendered":"<p>El Niya N5 de Rocks-Off es un masajeador \u00edntimo vers\u00e1til, moderno y ergon\u00f3mico que se adapta c\u00f3modamente al cuerpo para ofrecer una experiencia de placer intensa y personalizada. Su dise\u00f1o con textura ondulada y forma anat\u00f3mica permite m\u00faltiples formas de uso, ya sea en solitario o en pareja.<\/p>\n<p>Este elegante masajeador est\u00e1 fabricado con silicona segura para el cuerpo, y cuenta con 10 modos de vibraci\u00f3n que pueden controlarse mediante su pr\u00e1ctico control remoto inal\u00e1mbrico. Ideal para quienes buscan estimular diferentes zonas con libertad y comodidad.<\/p>\n<p><u><em><strong>Caracter\u00edsticas destacadas:<\/strong><\/em><\/u><\/p>\n<ul>\n<li>Masajeador multiuso de estimulaci\u00f3n externa e \u00edntima.<\/li>\n<li>10 modos de vibraci\u00f3n ajustables.<\/li>\n<li>Control remoto inal\u00e1mbrico incluido.<\/li>\n<li>Superficie de silicona suave de grado m\u00e9dico.<\/li>\n<li>Resistente al agua y silencioso.<\/li>\n<\/ul>\n","protected":false},"excerpt":{"rendered":"<p>NIYA &#8211; N5 MULTI-USE INTIMATE MASSAGER WITH REMOTE CONTROL<\/p>\n","protected":false},"featured_media":187502,"comment_status":"closed","ping_status":"closed","template":"","meta":{"_seopress_robots_primary_cat":"","_seopress_titles_title":"","_seopress_titles_desc":"","_seopress_robots_index":"","_seopress_analysis_target_kw":""},"product_brand":[],"product_cat":[89,72,88,544],"product_tag":[],"class_list":{"0":"post-246601","1":"product","2":"type-product","3":"status-publish","4":"has-post-thumbnail","6":"product_cat-juguetes-bienestar-juguetes-para-mujeresestimuladores","7":"product_cat-juguetes-bienestar","8":"product_cat-juguetes-bienestar-juguetes-para-mujeres","9":"product_cat-juguetes-bienestar-juguetes-para-mujeresestimuladoresmasajeadores","10":"yith_product_brand-rocks-offniya","11":"yith_product_brand-rocks-off","13":"first","14":"instock","15":"taxable","16":"shipping-taxable","17":"purchasable","18":"product-type-simple"},"jetpack_sharing_enabled":true,"_links":{"self":[{"href":"https:\/\/juguetessexualess.es\/en\/wp-json\/wp\/v2\/product\/246601","targetHints":{"allow":["GET"]}}],"collection":[{"href":"https:\/\/juguetessexualess.es\/en\/wp-json\/wp\/v2\/product"}],"about":[{"href":"https:\/\/juguetessexualess.es\/en\/wp-json\/wp\/v2\/types\/product"}],"replies":[{"embeddable":true,"href":"https:\/\/juguetessexualess.es\/en\/wp-json\/wp\/v2\/comments?post=246601"}],"version-history":[{"count":1,"href":"https:\/\/juguetessexualess.es\/en\/wp-json\/wp\/v2\/product\/246601\/revisions"}],"predecessor-version":[{"id":284070,"href":"https:\/\/juguetessexualess.es\/en\/wp-json\/wp\/v2\/product\/246601\/revisions\/284070"}],"wp:featuredmedia":[{"embeddable":true,"href":"https:\/\/juguetessexualess.es\/en\/wp-json\/wp\/v2\/media\/187502"}],"wp:attachment":[{"href":"https:\/\/juguetessexualess.es\/en\/wp-json\/wp\/v2\/media?parent=246601"}],"wp:term":[{"taxonomy":"product_brand","embeddable":true,"href":"https:\/\/juguetessexualess.es\/en\/wp-json\/wp\/v2\/product_brand?post=246601"},{"taxonomy":"product_cat","embeddable":true,"href":"https:\/\/juguetessexualess.es\/en\/wp-json\/wp\/v2\/product_cat?post=246601"},{"taxonomy":"product_tag","embeddable":true,"href":"https:\/\/juguetessexualess.es\/en\/wp-json\/wp\/v2\/product_tag?post=246601"}],"curies":[{"name":"wp","href":"https:\/\/api.w.org\/{rel}","templated":true}]}}