{"id":247607,"date":"2026-03-03T19:10:22","date_gmt":"2026-03-03T17:10:22","guid":{"rendered":"https:\/\/juguetessexualess.es\/product\/lelo-surfer-2-unisex-anal-vibrating-plug-cyber-purple\/"},"modified":"2026-05-15T07:15:20","modified_gmt":"2026-05-15T04:15:20","slug":"lelo-surfer-2-unisex-anal-vibrating-plug-cyber-purple","status":"publish","type":"product","link":"https:\/\/juguetessexualess.es\/en\/product\/lelo-surfer-2-unisex-anal-vibrating-plug-cyber-purple\/","title":{"rendered":"LELO &#8211; SURFER 2 UNISEX ANAL VIBRATING PLUG CYBER PURPLE"},"content":{"rendered":"<p><strong>SURFER\u2122 2<\/strong> is a vibrating anal massager perfect for intense pleasure during solo or couple play. It is made of a single piece of silicone that keeps it airtight, being fully waterproof and USB rechargeable to ensure a total satisfaction experience in any setting.<\/p>\n<p>For an even better experience, activate the LELO\u2122 app and you can access two exclusive modes designed to expand your pleasure possibilities.<\/p>\n<p><strong>SURFER\u2122 2 offers you:<\/strong><\/p>\n<ul>\n<li><strong>4 UNIQUE MODES + 2 APP EXCLUSIVE MODES + 8 INTENSITIES<\/strong>: Because there is no such thing as too much or too little satisfaction.<\/li>\n<li><strong>FULLY WATERPROOF AND USB RECHARGEABLE<\/strong>: LELO SURFER\u2122 2 is a 100% waterproof vibrator, made of a single piece of silicone that keeps it airtight. Perfect for the bath, shower or jacuzzi.<\/li>\n<li><strong>MEDIUM SIZE FOR ALL LEVELS OF EXPERIENCE<\/strong>: Vibrating anal massager perfect for intense pleasure during solo or couple play.<\/li>\n<\/ul>\n<p><u><strong>CHARACTERISTICS<\/strong><\/u>:<\/p>\n<ul>\n<li><strong>Modes<\/strong>: 4 unique modes + 2 App-exclusive modes<\/li>\n<li><strong>Intensities<\/strong>: 8 levels<\/li>\n<li><strong>Resistance<\/strong>: 100% waterproof and airtight<\/li>\n<li><strong>Charging<\/strong>: USB rechargeable<\/li>\n<li><strong>Material<\/strong>: Single piece of silicone<\/li>\n<li><strong>Use<\/strong>: Perfect for bath, shower or jacuzzi<\/li>\n<li><strong>Size<\/strong>: Medium<\/li>\n<\/ul>\n<p><strong>LELO <\/strong>se ha consolidado como la\u00a0marca de placer de lujo, l\u00edder en el mercado en dise\u00f1o, innovaci\u00f3n, tecnolog\u00eda y reputaci\u00f3n. Pero LELO no es solo una marca de juguetes de placer; es un movimiento de autocuidado dirigido a quienes saben que la satisfacci\u00f3n trasciende g\u00e9nero, orientaci\u00f3n, raza y edad. Ofrecemos la experiencia del \u00e9xtasis sin verg\u00fcenza, el placer de descubrir todas las maravillas del propio cuerpo, dotando a nuestros clientes de la confianza que les permite una vida \u00edntima plena.<\/p>\n","protected":false},"excerpt":{"rendered":"<p>LELO &#8211; SURFER 2 UNISEX ANAL VIBRATING PLUG CYBER PURPLE<\/p>\n","protected":false},"featured_media":225108,"comment_status":"closed","ping_status":"closed","template":"","meta":{"_seopress_robots_primary_cat":"","_seopress_titles_title":"","_seopress_titles_desc":"","_seopress_robots_index":"","_seopress_analysis_target_kw":""},"product_brand":[],"product_cat":[72,534],"product_tag":[],"class_list":{"0":"post-247607","1":"product","2":"type-product","3":"status-publish","4":"has-post-thumbnail","6":"product_cat-juguetes-bienestar","7":"product_cat-juguetes-bienestar-analvibradores-anales","8":"yith_product_brand-lelo","10":"first","11":"instock","12":"taxable","13":"shipping-taxable","14":"purchasable","15":"product-type-simple"},"jetpack_sharing_enabled":true,"_links":{"self":[{"href":"https:\/\/juguetessexualess.es\/en\/wp-json\/wp\/v2\/product\/247607","targetHints":{"allow":["GET"]}}],"collection":[{"href":"https:\/\/juguetessexualess.es\/en\/wp-json\/wp\/v2\/product"}],"about":[{"href":"https:\/\/juguetessexualess.es\/en\/wp-json\/wp\/v2\/types\/product"}],"replies":[{"embeddable":true,"href":"https:\/\/juguetessexualess.es\/en\/wp-json\/wp\/v2\/comments?post=247607"}],"version-history":[{"count":1,"href":"https:\/\/juguetessexualess.es\/en\/wp-json\/wp\/v2\/product\/247607\/revisions"}],"predecessor-version":[{"id":262976,"href":"https:\/\/juguetessexualess.es\/en\/wp-json\/wp\/v2\/product\/247607\/revisions\/262976"}],"wp:featuredmedia":[{"embeddable":true,"href":"https:\/\/juguetessexualess.es\/en\/wp-json\/wp\/v2\/media\/225108"}],"wp:attachment":[{"href":"https:\/\/juguetessexualess.es\/en\/wp-json\/wp\/v2\/media?parent=247607"}],"wp:term":[{"taxonomy":"product_brand","embeddable":true,"href":"https:\/\/juguetessexualess.es\/en\/wp-json\/wp\/v2\/product_brand?post=247607"},{"taxonomy":"product_cat","embeddable":true,"href":"https:\/\/juguetessexualess.es\/en\/wp-json\/wp\/v2\/product_cat?post=247607"},{"taxonomy":"product_tag","embeddable":true,"href":"https:\/\/juguetessexualess.es\/en\/wp-json\/wp\/v2\/product_tag?post=247607"}],"curies":[{"name":"wp","href":"https:\/\/api.w.org\/{rel}","templated":true}]}}