{"id":257022,"date":"2026-05-11T09:41:10","date_gmt":"2026-05-11T06:41:10","guid":{"rendered":"https:\/\/juguetessexualess.es\/product\/subblime-set-sujetador-y-panties-con-liguero-s-m-en\/"},"modified":"2026-05-11T09:41:10","modified_gmt":"2026-05-11T06:41:10","slug":"subblime-set-sujetador-y-panties-con-liguero-s-m-en","status":"publish","type":"product","link":"https:\/\/juguetessexualess.es\/en\/product\/subblime-set-sujetador-y-panties-con-liguero-s-m-en\/","title":{"rendered":"SUBBLIME &#8211; SET SUJETADOR Y PANTIES CON LIGUERO L\/XL"},"content":{"rendered":"<p>El t\u00e9rmino Sublime lo usamos para referirnos a una belleza extrema, a algo que vas m\u00e1s all\u00e1 de la racionalidad del espectador. Es por esta raz\u00f3n, que se use en un sentido figurado en personas y obras que destacan del conjunto en t\u00e9rminos de excelencia, superioridad, belleza y perfecci\u00f3n.<\/p>\n<p>Subblime es una marca de lencer\u00eda dise\u00f1ada en EEUU creada para mujeres que quieren sentirse extremadamente sexys e irresistibles con materiales de alta calidad y m\u00e1ximo confort.<\/p>\n<ul>\n<li>Set de dos piezas\u00a0<\/li>\n<li>Compuesto por sujetador y panties con liguero<\/li>\n<li>Patrones geom\u00e9tricos\u00a0<\/li>\n<li>Color: Negro<\/li>\n<li>Presentaci\u00f3n en caja\u00a0<\/li>\n<li>Maximo confort y sensualidad\u00a0<\/li>\n<li>Talla: S\/M<\/li>\n<\/ul>\n<p>Elegancia y seducci\u00f3n elevados a su m\u00e1ximo exponente, simplemente&#8230; \u00a1Sublime!\u00a0<\/p>\n<p>\u00a0<\/p>\n<table border=\"1\" cellpadding=\"0\" cellspacing=\"0\" width=\"917\">\n<tbody>\n<tr style=\"border: 1px solid black\">\n<td class=\"xl72\" colspan=\"8\" height=\"23\" style=\"text-align: center;border: 1px solid black\" width=\"832\"><b>GU\u00cdA DE TALLAS &#8211; SUBBLIME<\/b><\/td>\n<\/tr>\n<tr style=\"border: 1px solid black\">\n<td class=\"xl73\" colspan=\"2\" height=\"23\" style=\"text-align: center;border: 1px solid black\"><strong>TALLAS<\/strong><\/td>\n<td class=\"xl71\" style=\"text-align: center;border: 1px solid black\" width=\"104\"><strong>EU<\/strong><\/td>\n<td class=\"xl71\" style=\"text-align: center;border: 1px solid black\" width=\"104\"><strong>USA<\/strong><\/td>\n<td class=\"xl71\" style=\"text-align: center;border: 1px solid black\" width=\"104\"><strong>UK\/AU\/NZ<\/strong><\/td>\n<td class=\"xl71\" style=\"text-align: center;border: 1px solid black\" width=\"104\"><strong>ITALY<\/strong><\/td>\n<td class=\"xl71\" style=\"text-align: center;border: 1px solid black\" width=\"104\"><strong>FRANCE<\/strong><\/td>\n<td class=\"xl71\" style=\"text-align: center;border: 1px solid black\" width=\"104\"><strong>RUSSIA<\/strong><\/td>\n<\/tr>\n<tr>\n<td class=\"xl74\" colspan=\"2\" height=\"23\" style=\"text-align: center;border: 1px solid black\" width=\"208\"><strong>S\/M<\/strong><\/td>\n<td class=\"xl72\" style=\"text-align: center;border: 1px solid black\" width=\"104\">34-38<\/td>\n<td class=\"xl72\" style=\"text-align: center;border: 1px solid black\" width=\"104\">2-8<\/td>\n<td class=\"xl71\" style=\"text-align: center;border: 1px solid black\" width=\"104\">6-10<\/td>\n<td class=\"xl71\" style=\"text-align: center;border: 1px solid black\" width=\"104\">38-44<\/td>\n<td class=\"xl71\" style=\"text-align: center;border: 1px solid black\" width=\"104\">36-38<\/td>\n<td class=\"xl71\" style=\"text-align: center;border: 1px solid black\" width=\"104\">40-46<\/td>\n<\/tr>\n<tr>\n<td class=\"xl74\" colspan=\"2\" height=\"23\" style=\"text-align: center;border: 1px solid black\" width=\"208\"><strong>L\/XL<\/strong><\/td>\n<td class=\"xl72\" style=\"text-align: center;border: 1px solid black\" width=\"104\">40-42<\/td>\n<td class=\"xl72\" style=\"text-align: center;border: 1px solid black\" width=\"104\">10-12<\/td>\n<td class=\"xl71\" style=\"text-align: center;border: 1px solid black\" width=\"104\">12-14<\/td>\n<td class=\"xl71\" style=\"text-align: center;border: 1px solid black\" width=\"104\">46-48<\/td>\n<td class=\"xl71\" style=\"text-align: center;border: 1px solid black\" width=\"104\">40-42<\/td>\n<td class=\"xl71\" style=\"text-align: center;border: 1px solid black\" width=\"104\">48-50<\/td>\n<\/tr>\n<tr>\n<td class=\"xl74\" colspan=\"2\" height=\"23\" style=\"text-align: center;border: 1px solid black\" width=\"208\"><strong>TALLA PLUS<\/strong><\/td>\n<td class=\"xl72\" style=\"text-align: center;border: 1px solid black\" width=\"104\">44<\/td>\n<td class=\"xl72\" style=\"text-align: center;border: 1px solid black\" width=\"104\">14<\/td>\n<td class=\"xl71\" style=\"text-align: center;border: 1px solid black\" width=\"104\">16<\/td>\n<td class=\"xl71\" style=\"text-align: center;border: 1px solid black\" width=\"104\">50<\/td>\n<td class=\"xl71\" style=\"text-align: center;border: 1px solid black\" width=\"104\">44<\/td>\n<td class=\"xl71\" style=\"text-align: center;border: 1px solid black\" width=\"104\">52<\/td>\n<\/tr>\n<\/tbody>\n<\/table>\n<p>\u00a0<\/p>\n<p>\u00a0<\/p>\n","protected":false},"excerpt":{"rendered":"<p>SUBBLIME &#8211; SET BRA AND GARTER BELT PANTIES SET S\/M<\/p>\n","protected":false},"featured_media":206348,"comment_status":"closed","ping_status":"closed","template":"","meta":{"_seopress_robots_primary_cat":"","_seopress_titles_title":"","_seopress_titles_desc":"","_seopress_robots_index":""},"product_brand":[],"product_cat":[1128,1164,1166,1156,1140],"product_tag":[],"class_list":{"0":"post-257022","1":"product","2":"type-product","3":"status-publish","4":"has-post-thumbnail","6":"product_cat-moda-lenceria","7":"product_cat-sets-con-liguero","8":"product_cat-lenceria-sexy","9":"product_cat-lenceria-picante","10":"product_cat-lenceria-mujer","11":"yith_product_brand-subblime","12":"yith_product_brand-subblime-subblime-sets","14":"first","15":"instock","16":"taxable","17":"shipping-taxable","18":"purchasable","19":"product-type-simple"},"jetpack_sharing_enabled":true,"_links":{"self":[{"href":"https:\/\/juguetessexualess.es\/en\/wp-json\/wp\/v2\/product\/257022","targetHints":{"allow":["GET"]}}],"collection":[{"href":"https:\/\/juguetessexualess.es\/en\/wp-json\/wp\/v2\/product"}],"about":[{"href":"https:\/\/juguetessexualess.es\/en\/wp-json\/wp\/v2\/types\/product"}],"replies":[{"embeddable":true,"href":"https:\/\/juguetessexualess.es\/en\/wp-json\/wp\/v2\/comments?post=257022"}],"version-history":[{"count":0,"href":"https:\/\/juguetessexualess.es\/en\/wp-json\/wp\/v2\/product\/257022\/revisions"}],"wp:featuredmedia":[{"embeddable":true,"href":"https:\/\/juguetessexualess.es\/en\/wp-json\/wp\/v2\/media\/206348"}],"wp:attachment":[{"href":"https:\/\/juguetessexualess.es\/en\/wp-json\/wp\/v2\/media?parent=257022"}],"wp:term":[{"taxonomy":"product_brand","embeddable":true,"href":"https:\/\/juguetessexualess.es\/en\/wp-json\/wp\/v2\/product_brand?post=257022"},{"taxonomy":"product_cat","embeddable":true,"href":"https:\/\/juguetessexualess.es\/en\/wp-json\/wp\/v2\/product_cat?post=257022"},{"taxonomy":"product_tag","embeddable":true,"href":"https:\/\/juguetessexualess.es\/en\/wp-json\/wp\/v2\/product_tag?post=257022"}],"curies":[{"name":"wp","href":"https:\/\/api.w.org\/{rel}","templated":true}]}}