{"id":257542,"date":"2026-05-11T09:44:30","date_gmt":"2026-05-11T06:44:30","guid":{"rendered":"https:\/\/juguetessexualess.es\/product\/penthouse-hypnotic-power-babydoll-negro-s-l-en\/"},"modified":"2026-05-11T09:44:30","modified_gmt":"2026-05-11T06:44:30","slug":"penthouse-hypnotic-power-babydoll-negro-s-l-en","status":"publish","type":"product","link":"https:\/\/juguetessexualess.es\/en\/product\/penthouse-hypnotic-power-babydoll-negro-s-l-en\/","title":{"rendered":"PENTHOUSE &#8211; HYPNOTIC POWER BABYDOLL NEGRO S\/L"},"content":{"rendered":"<p>Descubre nuestra primera colecci\u00f3n Penthouse dise\u00f1ada para celebrar tu feminidad. S\u00e9 diferente, s\u00e9 confiada, \u00a1destaca!. No importa qu\u00e9 estilo elijas hoy, prometemos que cada d\u00eda ser\u00e1 un ocasi\u00f3n\u00a0especial con nuestra lencer\u00eda<\/p>\n<p>\u00a1Conoce el lujo definitivo! \u00a1Nuestra sensual lencer\u00eda Penthouse est\u00e1 disponible en envases de primera calidad y es completamente libre de pl\u00e1stico y sostenible! El acabado dorado de buen gusto y la tarjeta de felicitaci\u00f3n exclusiva hacen de su caja de lencer\u00eda una pieza de arte \u00fanica<\/p>\n<ul>\n<li>Babydoll\u00a0Hypnotic Power\u00a0<\/li>\n<li>Sexy combinaci\u00f3n de encajes y transparencias\u00a0<\/li>\n<li>Manga larga\u00a0<\/li>\n<li>Dise\u00f1o maravilloso<\/li>\n<li>Tirantas ajustables\u00a0<\/li>\n<li>Tanga a juego incluido<\/li>\n<li>Composici\u00f3n: 94% poliester\u00a0\/ 6% elastano<\/li>\n<li>Talla: S-L<\/li>\n<\/ul>\n<p>\u00a1Disfruta de esta l\u00ednea sexy y de alta calidad creada solo para ti! \u00a1Disfruta de ser una chica Penthouse!<\/p>\n<p>\u00a0<\/p>\n<table border=\"1\" cellpadding=\"0\" cellspacing=\"0\" width=\"746\">\n<tbody>\n<tr style=\"border: 1px solid black\">\n<td class=\"xl72\" colspan=\"7\" height=\"23\" style=\"text-align: center;border: 1px solid black\" width=\"832\"><b>GU\u00cdA DE TALLAS &#8211; PENTHOUSE LINGERIE<\/b><\/td>\n<\/tr>\n<tr style=\"border: 1px solid black\">\n<td class=\"xl73\" colspan=\"2\" height=\"23\" style=\"text-align: center;border: 1px solid black\"><strong>TALLA<\/strong><\/td>\n<td class=\"xl71\" style=\"text-align: center;border: 1px solid black\" width=\"104\"><strong>S\/M<\/strong><\/td>\n<td class=\"xl71\" style=\"text-align: center;border: 1px solid black\" width=\"104\"><strong>M\/L<\/strong><\/td>\n<td class=\"xl71\" style=\"text-align: center;border: 1px solid black\" width=\"104\"><strong>L\/XL<\/strong><\/td>\n<td class=\"xl71\" style=\"text-align: center;border: 1px solid black\" width=\"104\"><strong>XL<\/strong><\/td>\n<td class=\"xl71\" style=\"text-align: center;border: 1px solid black\" width=\"104\">\n<p><strong>TALLA \u00daNICA<\/strong><\/p>\n<p><strong>S\/L<\/strong><\/p>\n<\/td>\n<\/tr>\n<tr>\n<td class=\"xl74\" colspan=\"2\" height=\"23\" style=\"text-align: center;border: 1px solid black\" width=\"208\"><strong>Copa<\/strong><\/td>\n<td class=\"xl72\" style=\"text-align: center;border: 1px solid black\" width=\"104\">A\/B<\/td>\n<td class=\"xl72\" style=\"text-align: center;border: 1px solid black\" width=\"104\">B\/C<\/td>\n<td class=\"xl71\" style=\"text-align: center;border: 1px solid black\" width=\"104\">C\/D<\/td>\n<td class=\"xl71\" style=\"text-align: center;border: 1px solid black\" width=\"104\">D\/DD<\/td>\n<td class=\"xl71\" style=\"text-align: center;border: 1px solid black\" width=\"104\">B\/C<\/td>\n<\/tr>\n<tr>\n<td class=\"xl74\" colspan=\"2\" height=\"23\" style=\"text-align: center;border: 1px solid black\" width=\"208\"><strong>Pecho (cm)<\/strong><\/td>\n<td class=\"xl72\" style=\"text-align: center;border: 1px solid black\" width=\"104\">89-90<\/td>\n<td class=\"xl72\" style=\"text-align: center;border: 1px solid black\" width=\"104\">91-97<\/td>\n<td class=\"xl71\" style=\"text-align: center;border: 1px solid black\" width=\"104\">95-110<\/td>\n<td class=\"xl71\" style=\"text-align: center;border: 1px solid black\" width=\"104\">98-110<\/td>\n<td class=\"xl71\" style=\"text-align: center;border: 1px solid black\" width=\"104\">82-98<\/td>\n<\/tr>\n<tr>\n<td class=\"xl74\" colspan=\"2\" height=\"23\" style=\"text-align: center;border: 1px solid black\" width=\"208\"><strong>Bajo pecho (cm)<\/strong><\/td>\n<td class=\"xl72\" style=\"text-align: center;border: 1px solid black\" width=\"104\"><span style=\"font-family: sans-serif, Arial, Verdana,\">61-75<\/span><\/td>\n<td class=\"xl72\" style=\"text-align: center;border: 1px solid black\" width=\"104\">70-85<\/td>\n<td class=\"xl71\" style=\"text-align: center;border: 1px solid black\" width=\"104\">75-90<\/td>\n<td class=\"xl71\" style=\"text-align: center;border: 1px solid black\" width=\"104\">85-95<\/td>\n<td class=\"xl71\" style=\"text-align: center;border: 1px solid black\" width=\"104\">61-85<\/td>\n<\/tr>\n<tr style=\"border: 1px solid black\">\n<td class=\"xl74\" colspan=\"2\" height=\"23\" style=\"text-align: center;border: 1px solid black\" width=\"208\"><strong>Cintura (cm)<\/strong><\/td>\n<td class=\"xl72\" style=\"text-align: center;border: 1px solid black\" width=\"104\">59-75<\/td>\n<td class=\"xl72\" style=\"text-align: center;border: 1px solid black\" width=\"104\">71-81<\/td>\n<td class=\"xl71\" style=\"text-align: center;border: 1px solid black\" width=\"104\">75-91<\/td>\n<td class=\"xl71\" style=\"text-align: center;border: 1px solid black\" width=\"104\">82-92<\/td>\n<td class=\"xl71\" style=\"text-align: center;border: 1px solid black\" width=\"104\">60-82<\/td>\n<\/tr>\n<tr style=\"border: 1px solid black\">\n<td class=\"xl74\" colspan=\"2\" height=\"23\" style=\"text-align: center;border: 1px solid black\" width=\"208\"><strong>Caderas (cm)<\/strong><\/td>\n<td class=\"xl72\" style=\"text-align: center;border: 1px solid black\" width=\"104\">88-100<\/td>\n<td class=\"xl72\" style=\"text-align: center;border: 1px solid black\" width=\"104\">97-102<\/td>\n<td class=\"xl71\" style=\"text-align: center;border: 1px solid black\" width=\"104\">97-118<\/td>\n<td class=\"xl71\" style=\"text-align: center;border: 1px solid black\" width=\"104\">103-118<\/td>\n<td class=\"xl71\" style=\"text-align: center;border: 1px solid black\" width=\"104\">112-116<\/td>\n<\/tr>\n<tr>\n<td class=\"xl74\" colspan=\"2\" height=\"23\" style=\"text-align: center;border: 1px solid black\" width=\"208\"><strong>Entrepierna (cm)<\/strong><\/td>\n<td class=\"xl72\" style=\"text-align: center;border: 1px solid black\" width=\"104\">89<\/td>\n<td class=\"xl72\" style=\"text-align: center;border: 1px solid black\" width=\"104\">90<\/td>\n<td class=\"xl71\" style=\"text-align: center;border: 1px solid black\" width=\"104\">90-91<\/td>\n<td class=\"xl71\" style=\"text-align: center;border: 1px solid black\" width=\"104\">91-92<\/td>\n<td class=\"xl71\" style=\"text-align: center;border: 1px solid black\" width=\"104\">89-90<\/td>\n<\/tr>\n<\/tbody>\n<\/table>\n<p>\u00a0<\/p>\n","protected":false},"excerpt":{"rendered":"<p>PENTHOUSE &#8211; HYPNOTIC POWER BABYDOLL BLACK S\/L<\/p>\n","protected":false},"featured_media":170058,"comment_status":"closed","ping_status":"closed","template":"","meta":{"_seopress_robots_primary_cat":"","_seopress_titles_title":"","_seopress_titles_desc":"","_seopress_robots_index":"","_seopress_analysis_target_kw":""},"product_brand":[],"product_cat":[1128,1169,1166,1140],"product_tag":[],"class_list":{"0":"post-257542","1":"product","2":"type-product","3":"status-publish","4":"has-post-thumbnail","6":"product_cat-moda-lenceria","7":"product_cat-batas-sexys","8":"product_cat-lenceria-sexy","9":"product_cat-lenceria-mujer","10":"yith_product_brand-penthouse-lingerie-penthouse-babydoll","11":"yith_product_brand-penthouse-lingerie","13":"first","14":"instock","15":"taxable","16":"shipping-taxable","17":"purchasable","18":"product-type-variable","19":"has-default-attributes"},"jetpack_sharing_enabled":true,"_links":{"self":[{"href":"https:\/\/juguetessexualess.es\/en\/wp-json\/wp\/v2\/product\/257542","targetHints":{"allow":["GET"]}}],"collection":[{"href":"https:\/\/juguetessexualess.es\/en\/wp-json\/wp\/v2\/product"}],"about":[{"href":"https:\/\/juguetessexualess.es\/en\/wp-json\/wp\/v2\/types\/product"}],"replies":[{"embeddable":true,"href":"https:\/\/juguetessexualess.es\/en\/wp-json\/wp\/v2\/comments?post=257542"}],"version-history":[{"count":0,"href":"https:\/\/juguetessexualess.es\/en\/wp-json\/wp\/v2\/product\/257542\/revisions"}],"wp:featuredmedia":[{"embeddable":true,"href":"https:\/\/juguetessexualess.es\/en\/wp-json\/wp\/v2\/media\/170058"}],"wp:attachment":[{"href":"https:\/\/juguetessexualess.es\/en\/wp-json\/wp\/v2\/media?parent=257542"}],"wp:term":[{"taxonomy":"product_brand","embeddable":true,"href":"https:\/\/juguetessexualess.es\/en\/wp-json\/wp\/v2\/product_brand?post=257542"},{"taxonomy":"product_cat","embeddable":true,"href":"https:\/\/juguetessexualess.es\/en\/wp-json\/wp\/v2\/product_cat?post=257542"},{"taxonomy":"product_tag","embeddable":true,"href":"https:\/\/juguetessexualess.es\/en\/wp-json\/wp\/v2\/product_tag?post=257542"}],"curies":[{"name":"wp","href":"https:\/\/api.w.org\/{rel}","templated":true}]}}