{"id":258031,"date":"2026-05-11T09:47:26","date_gmt":"2026-05-11T06:47:26","guid":{"rendered":"https:\/\/juguetessexualess.es\/product\/penthouse-runway-queen-teddy-s-m-l-en\/"},"modified":"2026-05-11T09:47:26","modified_gmt":"2026-05-11T06:47:26","slug":"penthouse-runway-queen-teddy-s-m-l-en","status":"publish","type":"product","link":"https:\/\/juguetessexualess.es\/en\/product\/penthouse-runway-queen-teddy-s-m-l-en\/","title":{"rendered":"PENTHOUSE &#8211; RUNWAY QUEEN TEDDY S\/M\/L"},"content":{"rendered":"<p>\u00a1Nos complace presentar la segunda colecci\u00f3n de nuestra l\u00ednea Penthouse Lingerie! Basados en el \u00e9xito de nuestra colecci\u00f3n inicial, nos complace ofrecer estilos a\u00fan m\u00e1s sexys de nuestros populares conjuntos, panties, bodys, vestidos y bodys.<\/p>\n<p>S\u00e9 diferente, s\u00e9 confiada, \u00a1destaca!. No importa qu\u00e9 estilo elijas hoy, prometemos que cada d\u00eda ser\u00e1 un ocasi\u00f3n\u00a0especial con nuestra lencer\u00eda<\/p>\n<p>\u00a1Conoce el lujo definitivo! \u00a1Nuestra sensual lencer\u00eda Penthouse est\u00e1 disponible en envases de primera calidad y es completamente libre de pl\u00e1stico y sostenible! El acabado dorado de buen gusto y la tarjeta de felicitaci\u00f3n exclusiva hacen de su caja de lencer\u00eda una pieza de arte \u00fanica<\/p>\n<ul>\n<li>RUNWAY QUEEN TEDDY<\/li>\n<li>El body de rejilla fina Runway Queen hace juego con su nombre, \u00a1porque con esta lencer\u00eda ser\u00e1s coronada como la reina de la pasarela!Las correas anchas aseguran un ajuste perfecto, incluso cuando las cosas se ponen un poco salvajes.El profundo escote en V pone tu escote en el centro de atenci\u00f3n.Los recortes en la parte delantera y trasera aseguran un escote sexy y le dan a este cuerpo un encanto muy especial.El corte de tanga ajustado en la parte inferior se ve muy sexy y muestra que no tienes absolutamente nada que ocultar.\u00a1Pres\u00e9ntate con pasi\u00f3n en tu pasarela y convi\u00e9rtete en la reina de la noche!<\/li>\n<\/ul>\n<p>\u00a1Disfruta de esta l\u00ednea sexy y de alta calidad creada solo para ti! \u00a1Disfruta de ser una chica Penthouse!<\/p>\n","protected":false},"excerpt":{"rendered":"<p>PENTHOUSE &#8211; RUNWAY QUEEN TEDDY S\/M\/L<\/p>\n","protected":false},"featured_media":170374,"comment_status":"closed","ping_status":"closed","template":"","meta":{"_seopress_robots_primary_cat":"","_seopress_titles_title":"","_seopress_titles_desc":"","_seopress_robots_index":"","_seopress_analysis_target_kw":""},"product_brand":[],"product_cat":[1170,1128,1166,1140],"product_tag":[],"class_list":{"0":"post-258031","1":"product","2":"type-product","3":"status-publish","4":"has-post-thumbnail","6":"product_cat-bodys","7":"product_cat-moda-lenceria","8":"product_cat-lenceria-sexy","9":"product_cat-lenceria-mujer","10":"yith_product_brand-penthouse-lingerie","11":"yith_product_brand-penthouse-lingerie-penthouse-teddy","13":"first","14":"instock","15":"taxable","16":"shipping-taxable","17":"purchasable","18":"product-type-variable","19":"has-default-attributes"},"jetpack_sharing_enabled":true,"_links":{"self":[{"href":"https:\/\/juguetessexualess.es\/en\/wp-json\/wp\/v2\/product\/258031","targetHints":{"allow":["GET"]}}],"collection":[{"href":"https:\/\/juguetessexualess.es\/en\/wp-json\/wp\/v2\/product"}],"about":[{"href":"https:\/\/juguetessexualess.es\/en\/wp-json\/wp\/v2\/types\/product"}],"replies":[{"embeddable":true,"href":"https:\/\/juguetessexualess.es\/en\/wp-json\/wp\/v2\/comments?post=258031"}],"version-history":[{"count":0,"href":"https:\/\/juguetessexualess.es\/en\/wp-json\/wp\/v2\/product\/258031\/revisions"}],"wp:featuredmedia":[{"embeddable":true,"href":"https:\/\/juguetessexualess.es\/en\/wp-json\/wp\/v2\/media\/170374"}],"wp:attachment":[{"href":"https:\/\/juguetessexualess.es\/en\/wp-json\/wp\/v2\/media?parent=258031"}],"wp:term":[{"taxonomy":"product_brand","embeddable":true,"href":"https:\/\/juguetessexualess.es\/en\/wp-json\/wp\/v2\/product_brand?post=258031"},{"taxonomy":"product_cat","embeddable":true,"href":"https:\/\/juguetessexualess.es\/en\/wp-json\/wp\/v2\/product_cat?post=258031"},{"taxonomy":"product_tag","embeddable":true,"href":"https:\/\/juguetessexualess.es\/en\/wp-json\/wp\/v2\/product_tag?post=258031"}],"curies":[{"name":"wp","href":"https:\/\/api.w.org\/{rel}","templated":true}]}}