{"id":258103,"date":"2026-05-11T09:47:55","date_gmt":"2026-05-11T06:47:55","guid":{"rendered":"https:\/\/juguetessexualess.es\/product\/satisfyer-pro-to-go-3-estimulador-y-vibrador-doble-negro-en\/"},"modified":"2026-05-11T09:47:55","modified_gmt":"2026-05-11T06:47:55","slug":"satisfyer-pro-to-go-3-estimulador-y-vibrador-doble-negro-en","status":"publish","type":"product","link":"https:\/\/juguetessexualess.es\/en\/product\/satisfyer-pro-to-go-3-estimulador-y-vibrador-doble-negro-en\/","title":{"rendered":"SATISFYER &#8211; PRO TO GO 3 ESTIMULADOR Y VIBRADOR DOBLE NEGRO"},"content":{"rendered":"<p>Peque\u00f1o y compacto, lleva contigo a todas partes\u00a0el nuevo vibrador doble con tecnolog\u00eda Air-Pulse, el Pro To Go 3.<\/p>\n<p><strong>Informaci\u00f3n del producto &#8220;Satisfyer Pro To Go 3&#8221;<\/strong><\/p>\n<ul>\n<li>Estimulaci\u00f3n del cl\u00edtoris mediante vibraciones y ondas de presi\u00f3n<\/li>\n<li>Fabricado con silicona m\u00e9dica s\u00faper suave e inocua para la piel y con un tacto sedoso y extremadamente higi\u00e9nico<\/li>\n<li>Gracias a su acabado impermeable (IPX7), este dispositivo de bienestar sexual se puede utilizar de forma segura en el agua y es f\u00e1cil de limpiar<\/li>\n<li>2 motores con control independiente<\/li>\n<li>11 intensidades de onda de presi\u00f3n + 10 programas de vibraci\u00f3n<\/li>\n<li>15 a\u00f1os de garant\u00eda<\/li>\n<li>Fabricado con silicona de grado m\u00e9dico supersuave, agradable para la piel, suave al tacto y extremadamente higi\u00e9nica<\/li>\n<li>Modo susurro<\/li>\n<li>Bater\u00eda recargable de iones de litio<\/li>\n<li>Gracias a su acabado impermeable (IPX7), este juguete se puede usar de forma segura en el agua, adem\u00e1s de ser f\u00e1cil de limpiar<\/li>\n<li>Cable de carga USB magn\u00e9tico incluido<\/li>\n<li>F\u00e1cil de limpiar<\/li>\n<\/ul>\n<p><strong>Qu\u00e9 otras ventajas presenta el Satisfyer Pro To Go 3? <\/strong><\/p>\n<p>Intensidades de onda de presi\u00f3n y 12 modos de vibraci\u00f3n que se pueden combinar o controlar por separado. Para que pueda encontrar r\u00e1pidamente su programa favorito y dejar que el Pro To Go 3 lo mime ampliamente.<\/p>\n<p>La forma redonda del vibrador de ondas de presi\u00f3n compacto se refina con el elegante dise\u00f1o destacado y apenas ocupa espacio en su equipaje. Adem\u00e1s, el Pro To Go 3 es especialmente higi\u00e9nico gracias a su superficie de silicona respetuosa con el cuerpo. Te gustar\u00eda llevar a tu nuevo amante contigo en la ducha? No hay problema: gracias al acabado resistente al agua (IPX7), el juguete puede incluso participar en inmersiones en zonas h\u00famedas.<\/p>\n","protected":false},"excerpt":{"rendered":"<p>SATISFYER &#8211; PRO TO GO 3 DOUBLE AIR PULSE STIMULATOR  VIBRATOR BLACK<\/p>\n","protected":false},"featured_media":215916,"comment_status":"closed","ping_status":"closed","template":"","meta":{"_seopress_robots_primary_cat":"","_seopress_titles_title":"","_seopress_titles_desc":"","_seopress_robots_index":"","_seopress_analysis_target_kw":""},"product_brand":[],"product_cat":[1071,987,1321,1072,1080,988],"product_tag":[],"class_list":{"0":"post-258103","1":"product","2":"type-product","3":"status-publish","4":"has-post-thumbnail","6":"product_cat-para-clitoris","7":"product_cat-offers","8":"product_cat-vibradores-succionadores-ondas-presion","9":"product_cat-succionadores-con-vibracion","10":"product_cat-vibradores","11":"product_cat-wellness-toys","12":"yith_product_brand-satisfyer","13":"yith_product_brand-satisfyer-satisfyer-air-pulse","15":"first","16":"instock","17":"taxable","18":"shipping-taxable","19":"purchasable","20":"product-type-variable","21":"has-default-attributes"},"jetpack_sharing_enabled":true,"_links":{"self":[{"href":"https:\/\/juguetessexualess.es\/en\/wp-json\/wp\/v2\/product\/258103","targetHints":{"allow":["GET"]}}],"collection":[{"href":"https:\/\/juguetessexualess.es\/en\/wp-json\/wp\/v2\/product"}],"about":[{"href":"https:\/\/juguetessexualess.es\/en\/wp-json\/wp\/v2\/types\/product"}],"replies":[{"embeddable":true,"href":"https:\/\/juguetessexualess.es\/en\/wp-json\/wp\/v2\/comments?post=258103"}],"version-history":[{"count":0,"href":"https:\/\/juguetessexualess.es\/en\/wp-json\/wp\/v2\/product\/258103\/revisions"}],"wp:featuredmedia":[{"embeddable":true,"href":"https:\/\/juguetessexualess.es\/en\/wp-json\/wp\/v2\/media\/215916"}],"wp:attachment":[{"href":"https:\/\/juguetessexualess.es\/en\/wp-json\/wp\/v2\/media?parent=258103"}],"wp:term":[{"taxonomy":"product_brand","embeddable":true,"href":"https:\/\/juguetessexualess.es\/en\/wp-json\/wp\/v2\/product_brand?post=258103"},{"taxonomy":"product_cat","embeddable":true,"href":"https:\/\/juguetessexualess.es\/en\/wp-json\/wp\/v2\/product_cat?post=258103"},{"taxonomy":"product_tag","embeddable":true,"href":"https:\/\/juguetessexualess.es\/en\/wp-json\/wp\/v2\/product_tag?post=258103"}],"curies":[{"name":"wp","href":"https:\/\/api.w.org\/{rel}","templated":true}]}}