{"id":258609,"date":"2026-05-11T09:51:06","date_gmt":"2026-05-11T06:51:06","guid":{"rendered":"https:\/\/juguetessexualess.es\/product\/satisfyer-intensity-plug-morado-en\/"},"modified":"2026-05-11T09:51:06","modified_gmt":"2026-05-11T06:51:06","slug":"satisfyer-intensity-plug-morado-en","status":"publish","type":"product","link":"https:\/\/juguetessexualess.es\/en\/product\/satisfyer-intensity-plug-morado-en\/","title":{"rendered":"SATISFYER &#8211; INTENSITY PLUG MORADO"},"content":{"rendered":"<p>Siempre te quedas con ganas de m\u00e1s? Intensity Plug no te defraudar\u00e1. El Intensity plug es la mejor introducci\u00f3n al juego anal gracias a su dise\u00f1o que permite una f\u00e1cil inserci\u00f3n.<\/p>\n<p>El material flexible y agradable al tacto proporciona vibraciones agradables gracias a su dise\u00f1o ergon\u00f3mico, lo que lo convierte en el plug perfecto tanto para principiantes como para profesionales. El amplio surco del eje proporciona una estimulaci\u00f3n adicional, adem\u00e1s de las intensas vibraciones que promete su nombre. Una fant\u00e1stica experiencia anal asegurada con una base amplia. Como siempre, se recomienda utilizar un lubricante de base acuosa para mayor comodidad.<\/p>\n<p>El Intensity Plug est\u00e1 equipado con tecnolog\u00eda Bluetooth con la que se puede conectar a la galardonada aplicaci\u00f3n gratuita Satisfyer Connect. La aplicaci\u00f3n ofrece la opci\u00f3n de tener un control total sobre el potente motor y personalizar de verdad el placer. El Intensity Plug est\u00e1 hecho de silicona segura para el cuerpo, es recargable y tiene clasificaci\u00f3n IPX7 a prueba de agua, \u00a1No dudes en llevarlo a la ducha o la ba\u00f1era! T\u00fa lo pediste\u2026 \u00a1Es hora de hora de hacer realidad tus intensos deseos anales!<\/p>\n<p>\u00a0<\/p>\n<ul>\n<li>El potente motor transmite intensos ritmos de vibraci\u00f3n a trav\u00e9s de todo el juguete<\/li>\n<li>12 programas diferentes ofrecen variedad para el lograr m\u00e1ximo placer<\/li>\n<li>Apto para todos los g\u00e9neros 15 a\u00f1os de garant\u00eda comercial<\/li>\n<li>Vibraci\u00f3n profunda superintensa<\/li>\n<li>Unisex<\/li>\n<li>Silicona agradable al cuerpo<\/li>\n<li>Impermeable (IPX7)<\/li>\n<li>Modo de susurro<\/li>\n<li>Bater\u00eda de iones de litio<\/li>\n<li>Cable de carga magn\u00e9tico por USB incluido<\/li>\n<li>F\u00e1cil de limpiar<\/li>\n<\/ul>\n","protected":false},"excerpt":{"rendered":"<p>SATISFYER &#8211; INTENSITY PLUG PURPLE<\/p>\n","protected":false},"featured_media":199329,"comment_status":"closed","ping_status":"closed","template":"","meta":{"_seopress_robots_primary_cat":"","_seopress_titles_title":"","_seopress_titles_desc":"","_seopress_robots_index":"","_seopress_analysis_target_kw":""},"product_brand":[],"product_cat":[1017,1109,1094,1095,987,988],"product_tag":[],"class_list":{"0":"post-258609","1":"product","2":"type-product","3":"status-publish","4":"has-post-thumbnail","6":"product_cat-plugs-anales","7":"product_cat-plug-anal-bdsm","8":"product_cat-bdsm-bondage","9":"product_cat-articulos-bdsm","10":"product_cat-offers","11":"product_cat-wellness-toys","12":"yith_product_brand-satisfyer","13":"yith_product_brand-satisfyer-satisfyer-plugs","15":"first","16":"instock","17":"taxable","18":"shipping-taxable","19":"purchasable","20":"product-type-variable","21":"has-default-attributes"},"jetpack_sharing_enabled":true,"_links":{"self":[{"href":"https:\/\/juguetessexualess.es\/en\/wp-json\/wp\/v2\/product\/258609","targetHints":{"allow":["GET"]}}],"collection":[{"href":"https:\/\/juguetessexualess.es\/en\/wp-json\/wp\/v2\/product"}],"about":[{"href":"https:\/\/juguetessexualess.es\/en\/wp-json\/wp\/v2\/types\/product"}],"replies":[{"embeddable":true,"href":"https:\/\/juguetessexualess.es\/en\/wp-json\/wp\/v2\/comments?post=258609"}],"version-history":[{"count":0,"href":"https:\/\/juguetessexualess.es\/en\/wp-json\/wp\/v2\/product\/258609\/revisions"}],"wp:featuredmedia":[{"embeddable":true,"href":"https:\/\/juguetessexualess.es\/en\/wp-json\/wp\/v2\/media\/199329"}],"wp:attachment":[{"href":"https:\/\/juguetessexualess.es\/en\/wp-json\/wp\/v2\/media?parent=258609"}],"wp:term":[{"taxonomy":"product_brand","embeddable":true,"href":"https:\/\/juguetessexualess.es\/en\/wp-json\/wp\/v2\/product_brand?post=258609"},{"taxonomy":"product_cat","embeddable":true,"href":"https:\/\/juguetessexualess.es\/en\/wp-json\/wp\/v2\/product_cat?post=258609"},{"taxonomy":"product_tag","embeddable":true,"href":"https:\/\/juguetessexualess.es\/en\/wp-json\/wp\/v2\/product_tag?post=258609"}],"curies":[{"name":"wp","href":"https:\/\/api.w.org\/{rel}","templated":true}]}}