{"id":258796,"date":"2026-05-11T09:52:25","date_gmt":"2026-05-11T06:52:25","guid":{"rendered":"https:\/\/juguetessexualess.es\/product\/passion-eco-collection-bodystocking-eco-bs008-negro-en\/"},"modified":"2026-05-11T09:52:25","modified_gmt":"2026-05-11T06:52:25","slug":"passion-eco-collection-bodystocking-eco-bs008-negro-en","status":"publish","type":"product","link":"https:\/\/juguetessexualess.es\/en\/product\/passion-eco-collection-bodystocking-eco-bs008-negro-en\/","title":{"rendered":"PASSION &#8211; ECO COLLECTION BODYSTOCKING ECO BS008 NEGRO"},"content":{"rendered":"<p>Body sexy que se adapta perfectamente a la figura, enfatizando las formas femeninas. Body de muy buena calidad fabricado con materiales reciclados. Disponible en un tama\u00f1o universal.<\/p>\n<ul>\n<li>El producto no provoca alergias<\/li>\n<li>No se decolora<\/li>\n<li>No ti\u00f1e al lavarse<\/li>\n<li>Material: 83% nailon regenerado ECONYL, 17% ROICA\u2122 V550 de Asahi Kasel elastano degradable<\/li>\n<li>Talla \u00fanica<\/li>\n<li>Composici\u00f3n del conjunto: bodystocking<\/li>\n<\/ul>\n<p><u><strong>ECO COLLECTION<\/strong><\/u><\/p>\n<p>Conscientes del mundo que nos rodea y asumiendo toda la responsabilidad de nuestras acciones, tenemos el placer de presentaros la primera colecci\u00f3n de lencer\u00eda er\u00f3tica ecol\u00f3gica de Europa. Gracias a las \u00faltimas soluciones tecnol\u00f3gicas, logramos encontrar la armon\u00eda perfecta entre la moda y el entorno natural en forma de la serie <strong>Passion Eco Collection<\/strong>.<\/p>\n<p>Esta colecci\u00f3n ser\u00e1 perfecta para clientes que valoran seguir las tendencias y al mismo tiempo se preocupan por el medio ambiente natural y la ecolog\u00eda. Para la producci\u00f3n de ropa interior utilizamos materiales reciclados confirmados por los certificados internacionales correspondientes, por ejemplo, GRS Global Recycled Standard o el sistema OEKO-TEX.<\/p>\n<p><u>Ventajas de la colecci\u00f3n ecol\u00f3gica:<\/u><\/p>\n<ul>\n<li>Dise\u00f1o moderno.<\/li>\n<li>Tejidos reciclados.<\/li>\n<li>Tecnolog\u00edas renovables.<\/li>\n<li>Reducci\u00f3n del consumo de agua durante la producci\u00f3n hasta en un 56%.<\/li>\n<li>Reducci\u00f3n de sustancias vol\u00e1tiles durante el proceso de producci\u00f3n,<\/li>\n<li>Tintes naturales,<\/li>\n<li>Reducci\u00f3n de las emisiones de CO2.<\/li>\n<\/ul>\n<p>\u00a0 \u00a0 \u00a0 \u00a0 \u00a0 \u00a0 \u00a0 \u00a0 \u00a0 \u00a0 \u00a0 \u00a0 \u00a0 \u00a0 \u00a0 \u00a0 \u00a0 \u00a0 \u00a0 \u00a0 \u00a0 \u00a0 \u00a0 \u00a0 \u00a0 \u00a0 \u00a0 \u00a0 \u00a0 \u00a0 \u00a0 \u00a0 \u00a0 \u00a0 \u00a0 \u00a0 \u00a0 \u00a0 \u00a0 \u00a0 \u00a0 \u00a0 \u00a0 \u00a0 \u00a0 \u00a0<img decoding=\"async\" alt=\"src=\/UserFiles\/images\/ECO%20BS001%20-%20size.jpg\" src=\"https:\/\/interno.dreamlove.es\/UserFiles\/images\/ECO%20BS008%20-%20size.jpg\" style=\"height: 600px;width: 400px\" \/><\/p>\n","protected":false},"excerpt":{"rendered":"<p>PASSION &#8211; ECO COLLECTION BODYSTOCKING ECO BS008 BLACK<\/p>\n","protected":false},"featured_media":207761,"comment_status":"closed","ping_status":"closed","template":"","meta":{"_seopress_robots_primary_cat":"","_seopress_titles_title":"","_seopress_titles_desc":"","_seopress_robots_index":"","_seopress_analysis_target_kw":""},"product_brand":[],"product_cat":[1158,1128,987,1156,1140],"product_tag":[],"class_list":{"0":"post-258796","1":"product","2":"type-product","3":"status-publish","4":"has-post-thumbnail","6":"product_cat-bodystocking","7":"product_cat-moda-lenceria","8":"product_cat-offers","9":"product_cat-lenceria-picante","10":"product_cat-lenceria-mujer","11":"yith_product_brand-passion","12":"yith_product_brand-passionpassion-woman","13":"yith_product_brand-passionpassion-womanpassion-woman-bodystockings","15":"first","16":"instock","17":"taxable","18":"shipping-taxable","19":"purchasable","20":"product-type-variable","21":"has-default-attributes"},"jetpack_sharing_enabled":true,"_links":{"self":[{"href":"https:\/\/juguetessexualess.es\/en\/wp-json\/wp\/v2\/product\/258796","targetHints":{"allow":["GET"]}}],"collection":[{"href":"https:\/\/juguetessexualess.es\/en\/wp-json\/wp\/v2\/product"}],"about":[{"href":"https:\/\/juguetessexualess.es\/en\/wp-json\/wp\/v2\/types\/product"}],"replies":[{"embeddable":true,"href":"https:\/\/juguetessexualess.es\/en\/wp-json\/wp\/v2\/comments?post=258796"}],"version-history":[{"count":0,"href":"https:\/\/juguetessexualess.es\/en\/wp-json\/wp\/v2\/product\/258796\/revisions"}],"wp:featuredmedia":[{"embeddable":true,"href":"https:\/\/juguetessexualess.es\/en\/wp-json\/wp\/v2\/media\/207761"}],"wp:attachment":[{"href":"https:\/\/juguetessexualess.es\/en\/wp-json\/wp\/v2\/media?parent=258796"}],"wp:term":[{"taxonomy":"product_brand","embeddable":true,"href":"https:\/\/juguetessexualess.es\/en\/wp-json\/wp\/v2\/product_brand?post=258796"},{"taxonomy":"product_cat","embeddable":true,"href":"https:\/\/juguetessexualess.es\/en\/wp-json\/wp\/v2\/product_cat?post=258796"},{"taxonomy":"product_tag","embeddable":true,"href":"https:\/\/juguetessexualess.es\/en\/wp-json\/wp\/v2\/product_tag?post=258796"}],"curies":[{"name":"wp","href":"https:\/\/api.w.org\/{rel}","templated":true}]}}