{"id":259063,"date":"2026-05-11T09:53:56","date_gmt":"2026-05-11T06:53:56","guid":{"rendered":"https:\/\/juguetessexualess.es\/product\/satisfyer-dazzling-crystal-transparente-en\/"},"modified":"2026-05-11T09:53:56","modified_gmt":"2026-05-11T06:53:56","slug":"satisfyer-dazzling-crystal-transparente-en","status":"publish","type":"product","link":"https:\/\/juguetessexualess.es\/en\/product\/satisfyer-dazzling-crystal-transparente-en\/","title":{"rendered":"SATISFYER &#8211; DAZZLING CRYSTAL TRANSPARENTE"},"content":{"rendered":"<p>Disfrute del lujo puro y del m\u00e1ximo placer con el <strong>Satisfyer Dazzling Crystal 1<\/strong>, un consolador de cristal de alta calidad que le cautivar\u00e1 a usted y a sus puntos calientes con su dise\u00f1o y caracter\u00edsticas extraordinarias.\u00a0Con sus dos excitantes texturas superficiales, est\u00e1 aqu\u00ed para brindarte un intenso placer vaginal y una estimulaci\u00f3n caliente del punto G: \u00a1una hermosa joya que te dejar\u00e1 completamente deslumbrada!\u00a0<\/p>\n<p>Su dise\u00f1o y material hacen de este consolador de cristal no s\u00f3lo un atractivo deslumbrante sino tambi\u00e9n un juguete de amor muy vers\u00e1til.\u00a0Fabricado con vidrio de borosilicato s\u00f3lido de alta calidad, el<strong> Satisfyer Dazzling Crystal 1 <\/strong>es irrompible y se desliza suavemente sobre su cuerpo y dentro de usted.\u00a0<\/p>\n<p>Lo prefieres fr\u00edo o caliente?\u00a0\u00a1Con este consolador de cristal de Satisfyer ya no tendr\u00e1s que elegir!\u00a0P\u00f3ngalo en agua tibia antes de usarlo para una experiencia placentera y relajante o en el refrigerador para sentir un cosquilleo refrescante en la piel.\u00a0\u00a1Cada momento de este juego de temperatura ser\u00e1 una experiencia emocionante para tus sentidos!<\/p>\n<p>Adem\u00e1s de eso, el <strong>Satisfyer Dazzling Crystal 1<\/strong> tiene dos lados dise\u00f1ados para un placer realmente deslumbrante.\u00a0El eje te estimula a ti y a tus puntos calientes con una amplia estructura ranurada en un lado y una excitante estructura nudosa en el otro.\u00a0<\/p>\n<p>Ya sea que quieras usarlo como consolador para el punto G o para masajes sensuales en todo el cuerpo, \u00a1el <strong>Satisfyer Dazzling Crystal 1<\/strong> siempre sabe c\u00f3mo complacerte!\u00a0Y adem\u00e1s, este consolador de vidrio es higi\u00e9nico y f\u00e1cil de limpiar gracias al material suave: \u00a1un poco de agua, jab\u00f3n suave y limpiador de juguetes y esta joya brillante estar\u00e1 lista para el pr\u00f3ximo uso m\u00e1gico!<\/p>\n<p>\u00a0<\/p>\n<p><u><strong>CARACTERISTICAS<\/strong><\/u>:<\/p>\n<ul>\n<li>Vidrio de borosilicato macizo<\/li>\n<li>Disfruta del juego con temperaturas fr\u00edas y calientes<\/li>\n<li>Disfrute de estimulaci\u00f3n vaginal y del cl\u00edtoris, as\u00ed como de masajes de cuerpo completo.<\/li>\n<li>Se puede utilizar en ambos sentidos.<\/li>\n<li>Estimulaci\u00f3n sensual del punto G<\/li>\n<li>F\u00e1cil de limpiar<\/li>\n<\/ul>\n","protected":false},"excerpt":{"rendered":"<p>SATISFYER &#8211; DAZZLING CRYSTAL TRANSPARENT<\/p>\n","protected":false},"featured_media":188399,"comment_status":"closed","ping_status":"closed","template":"","meta":{"_seopress_robots_primary_cat":"","_seopress_titles_title":"","_seopress_titles_desc":"","_seopress_robots_index":"","_seopress_analysis_target_kw":""},"product_brand":[],"product_cat":[1078,1030,988],"product_tag":[],"class_list":{"0":"post-259063","1":"product","2":"type-product","3":"status-publish","4":"has-post-thumbnail","6":"product_cat-toys-fabricados-en-cristal","7":"product_cat-dildos-punto-g","8":"product_cat-wellness-toys","9":"yith_product_brand-satisfyer","10":"yith_product_brand-satisfyer-satisfyer-crystal","12":"first","13":"instock","14":"taxable","15":"shipping-taxable","16":"purchasable","17":"product-type-variable","18":"has-default-attributes"},"jetpack_sharing_enabled":true,"_links":{"self":[{"href":"https:\/\/juguetessexualess.es\/en\/wp-json\/wp\/v2\/product\/259063","targetHints":{"allow":["GET"]}}],"collection":[{"href":"https:\/\/juguetessexualess.es\/en\/wp-json\/wp\/v2\/product"}],"about":[{"href":"https:\/\/juguetessexualess.es\/en\/wp-json\/wp\/v2\/types\/product"}],"replies":[{"embeddable":true,"href":"https:\/\/juguetessexualess.es\/en\/wp-json\/wp\/v2\/comments?post=259063"}],"version-history":[{"count":0,"href":"https:\/\/juguetessexualess.es\/en\/wp-json\/wp\/v2\/product\/259063\/revisions"}],"wp:featuredmedia":[{"embeddable":true,"href":"https:\/\/juguetessexualess.es\/en\/wp-json\/wp\/v2\/media\/188399"}],"wp:attachment":[{"href":"https:\/\/juguetessexualess.es\/en\/wp-json\/wp\/v2\/media?parent=259063"}],"wp:term":[{"taxonomy":"product_brand","embeddable":true,"href":"https:\/\/juguetessexualess.es\/en\/wp-json\/wp\/v2\/product_brand?post=259063"},{"taxonomy":"product_cat","embeddable":true,"href":"https:\/\/juguetessexualess.es\/en\/wp-json\/wp\/v2\/product_cat?post=259063"},{"taxonomy":"product_tag","embeddable":true,"href":"https:\/\/juguetessexualess.es\/en\/wp-json\/wp\/v2\/product_tag?post=259063"}],"curies":[{"name":"wp","href":"https:\/\/api.w.org\/{rel}","templated":true}]}}