{"id":259326,"date":"2026-05-11T09:55:35","date_gmt":"2026-05-11T06:55:35","guid":{"rendered":"https:\/\/juguetessexualess.es\/product\/chilirose-cr-4491-corset-rojo-s-m-en\/"},"modified":"2026-05-11T09:55:35","modified_gmt":"2026-05-11T06:55:35","slug":"chilirose-cr-4491-corset-rojo-s-m-en","status":"publish","type":"product","link":"https:\/\/juguetessexualess.es\/en\/product\/chilirose-cr-4491-corset-rojo-s-m-en\/","title":{"rendered":"CHILIROSE &#8211; CR 4491 CORSET ROJO S\/M"},"content":{"rendered":"<p><strong>CR 4491 <\/strong>sum\u00e9rgete en un mundo de elegancia y sensualidad con este cautivador corset sexy, una prenda que evoca el encanto cl\u00e1sico y la seducci\u00f3n atemporal. Dise\u00f1ado para realzar tus curvas y despertar la pasi\u00f3n, este corset es mucho m\u00e1s que una simple prenda de vestir: es una declaraci\u00f3n de feminidad, confianza y estilo.<\/p>\n<p>Los cordones en la parte posterior del corset permiten ajustar el nivel de compresi\u00f3n y realce seg\u00fan tus preferencias personales, lo que te permite personalizar tu look y sentirte c\u00f3moda en todo momento.Con cada ajuste de los cordones, sientes c\u00f3mo tus curvas son realzadas y esculpidas, creando una silueta irresistible que no pasa desapercibida.<\/p>\n<p>Ya sea que lo uses como una prenda de lencer\u00eda \u00edntima o como una pieza central de tu atuendo para una ocasi\u00f3n especial, este corset sexy es una elecci\u00f3n segura para a\u00f1adir un toque de glamour y seducci\u00f3n a cualquier situaci\u00f3n. Prep\u00e1rate para deslumbrar y cautivar con este deslumbrante corset que te har\u00e1 sentirte segura, sensual y simplemente irresistible.<\/p>\n<p>\u00a0<\/p>\n<p><u><strong>CARACTERISTICAS: <\/strong><\/u><\/p>\n<ul>\n<li>Cors\u00e9 de ecopiel rojo + cord\u00f3n<\/li>\n<li>Disponible en S\/M y L\/XL<\/li>\n<\/ul>\n<p>\u00a0<\/p>\n<p>La marca <strong>CHILIROSE <\/strong>fue creada en 2008 y nuestra misi\u00f3n es ofrecer lencer\u00eda sensual y excitante a nuestros clientes a un precio competitivo. Ahora, en 2022, despu\u00e9s de 14 a\u00f1os, somos una de las principales empresas de lencer\u00eda ex\u00f3tica y tenemos una gran colecci\u00f3n de ropa de dormir, vestidos, batas, cors\u00e9s, vestidos, ropa de discoteca y m\u00e1s. Nuestro estricto control de calidad garantiza a nuestros clientes la plena satisfacci\u00f3n y hace que vender sea un placer. Cuidamos especialmente la selecci\u00f3n de nuestros materiales y la mano de obra. Ofrecemos muchos estilos nuevos y fant\u00e1sticos con regularidad y esperamos sorprenderlo positivamente cada vez.<\/p>\n<p>\u00a0<\/p>\n<table border=\"1\" cellpadding=\"0\" cellspacing=\"0\" width=\"832\">\n<tbody>\n<tr style=\"border: 1px solid black\">\n<td class=\"xl72\" colspan=\"8\" height=\"23\" style=\"text-align: center;border: 1px solid black\" width=\"832\"><b>GU\u00cdA DE TALLAS<\/b><\/td>\n<\/tr>\n<tr style=\"border: 1px solid black\">\n<td class=\"xl73\" colspan=\"2\" height=\"23\" style=\"text-align: center;border: 1px solid black\"><strong>TALLA<\/strong><\/td>\n<td class=\"xl71\" style=\"text-align: center;border: 1px solid black\" width=\"104\"><strong>S<\/strong><\/td>\n<td class=\"xl71\" style=\"text-align: center;border: 1px solid black\" width=\"104\"><strong>M<\/strong><\/td>\n<td class=\"xl71\" style=\"text-align: center;border: 1px solid black\" width=\"104\"><strong>L<\/strong><\/td>\n<td class=\"xl71\" style=\"text-align: center;border: 1px solid black\" width=\"104\"><strong>XL<\/strong><\/td>\n<td class=\"xl71\" style=\"text-align: center;border: 1px solid black\" width=\"104\"><strong>XXL<\/strong><\/td>\n<td class=\"xl71\" style=\"text-align: center;border: 1px solid black\" width=\"104\"><strong>S\/M\u00a0 \u00a0 L\/XL<\/strong><\/td>\n<\/tr>\n<tr>\n<td class=\"xl74\" colspan=\"2\" height=\"23\" style=\"text-align: center;border: 1px solid black\" width=\"208\"><strong>Pecho (cm)<\/strong><\/td>\n<td class=\"xl72\" style=\"text-align: center;border: 1px solid black\" width=\"104\">85-89<\/td>\n<td class=\"xl72\" style=\"text-align: center;border: 1px solid black\" width=\"104\">90-94<\/td>\n<td class=\"xl71\" style=\"text-align: center;border: 1px solid black\" width=\"104\">95-99<\/td>\n<td class=\"xl71\" style=\"text-align: center;border: 1px solid black\" width=\"104\">100-104<\/td>\n<td class=\"xl71\" style=\"text-align: center;border: 1px solid black\" width=\"104\">105-109<\/td>\n<td class=\"xl71\" style=\"text-align: center;border: 1px solid black\" width=\"104\">85-94  95-104<\/td>\n<\/tr>\n<tr>\n<td class=\"xl74\" colspan=\"2\" height=\"23\" style=\"text-align: center;border: 1px solid black\" width=\"208\"><strong>Bajo pecho (cm)<\/strong><\/td>\n<td class=\"xl72\" style=\"text-align: center;border: 1px solid black\" width=\"104\"><span style=\"font-family: sans-serif, Arial, Verdana,\">69-72<\/span><\/td>\n<td class=\"xl72\" style=\"text-align: center;border: 1px solid black\" width=\"104\"><span style=\"font-family: sans-serif, Arial, Verdana,\">73-77<\/span><\/td>\n<td class=\"xl71\" style=\"text-align: center;border: 1px solid black\" width=\"104\"><span style=\"font-family: sans-serif, Arial, Verdana,\">78-81<\/span><\/td>\n<td class=\"xl71\" style=\"text-align: center;border: 1px solid black\" width=\"104\"><span style=\"font-family: sans-serif, Arial, Verdana,\">82-86<\/span><\/td>\n<td class=\"xl71\" style=\"text-align: center;border: 1px solid black\" width=\"104\"><span style=\"font-family: sans-serif, Arial, Verdana,\">87-90<\/span><\/td>\n<td class=\"xl71\" style=\"text-align: center;border: 1px solid black\" width=\"104\"><span style=\"font-family: sans-serif, Arial, Verdana,\">69-77\u00a0 \u00a0 78-86<\/span><\/td>\n<\/tr>\n<tr style=\"border: 1px solid black\">\n<td class=\"xl74\" colspan=\"2\" height=\"23\" style=\"text-align: center;border: 1px solid black\" width=\"208\"><strong>Cintura (cm)<\/strong><\/td>\n<td class=\"xl72\" style=\"text-align: center;border: 1px solid black\" width=\"104\">68-72<\/td>\n<td class=\"xl72\" style=\"text-align: center;border: 1px solid black\" width=\"104\">73-77<\/td>\n<td class=\"xl71\" style=\"text-align: center;border: 1px solid black\" width=\"104\">78-82<\/td>\n<td class=\"xl71\" style=\"text-align: center;border: 1px solid black\" width=\"104\">83-87<\/td>\n<td class=\"xl71\" style=\"text-align: center;border: 1px solid black\" width=\"104\">88-93<\/td>\n<td class=\"xl71\" style=\"text-align: center;border: 1px solid black\" width=\"104\">68-77\u00a0 \u00a0 78-87<\/td>\n<\/tr>\n<tr style=\"border: 1px solid black\">\n<td class=\"xl74\" colspan=\"2\" height=\"23\" style=\"text-align: center;border: 1px solid black\" width=\"208\"><strong>Caderas (cm)<\/strong><\/td>\n<td class=\"xl72\" style=\"text-align: center;border: 1px solid black\" width=\"104\">90-94<\/td>\n<td class=\"xl72\" style=\"text-align: center;border: 1px solid black\" width=\"104\">95-100<\/td>\n<td class=\"xl71\" style=\"text-align: center;border: 1px solid black\" width=\"104\">101-105<\/td>\n<td class=\"xl71\" style=\"text-align: center;border: 1px solid black\" width=\"104\">106-111<\/td>\n<td class=\"xl71\" style=\"text-align: center;border: 1px solid black\" width=\"104\">112-116<\/td>\n<td class=\"xl71\" style=\"text-align: center;border: 1px solid black\" width=\"104\">90-100  101-111<\/td>\n<\/tr>\n<\/tbody>\n<\/table>\n<p>\u00a0<\/p>\n","protected":false},"excerpt":{"rendered":"<p>CHILIROSE &#8211; CR 4491 CORSET RED S\/M<\/p>\n","protected":false},"featured_media":208191,"comment_status":"closed","ping_status":"closed","template":"","meta":{"_seopress_robots_primary_cat":"","_seopress_titles_title":"","_seopress_titles_desc":"","_seopress_robots_index":"","_seopress_analysis_target_kw":""},"product_brand":[],"product_cat":[1160,1128,1156,1140],"product_tag":[],"class_list":{"0":"post-259326","1":"product","2":"type-product","3":"status-publish","4":"has-post-thumbnail","6":"product_cat-corsets","7":"product_cat-moda-lenceria","8":"product_cat-lenceria-picante","9":"product_cat-lenceria-mujer","11":"first","12":"instock","13":"taxable","14":"shipping-taxable","15":"purchasable","16":"product-type-variable","17":"has-default-attributes"},"jetpack_sharing_enabled":true,"_links":{"self":[{"href":"https:\/\/juguetessexualess.es\/en\/wp-json\/wp\/v2\/product\/259326","targetHints":{"allow":["GET"]}}],"collection":[{"href":"https:\/\/juguetessexualess.es\/en\/wp-json\/wp\/v2\/product"}],"about":[{"href":"https:\/\/juguetessexualess.es\/en\/wp-json\/wp\/v2\/types\/product"}],"replies":[{"embeddable":true,"href":"https:\/\/juguetessexualess.es\/en\/wp-json\/wp\/v2\/comments?post=259326"}],"version-history":[{"count":0,"href":"https:\/\/juguetessexualess.es\/en\/wp-json\/wp\/v2\/product\/259326\/revisions"}],"wp:featuredmedia":[{"embeddable":true,"href":"https:\/\/juguetessexualess.es\/en\/wp-json\/wp\/v2\/media\/208191"}],"wp:attachment":[{"href":"https:\/\/juguetessexualess.es\/en\/wp-json\/wp\/v2\/media?parent=259326"}],"wp:term":[{"taxonomy":"product_brand","embeddable":true,"href":"https:\/\/juguetessexualess.es\/en\/wp-json\/wp\/v2\/product_brand?post=259326"},{"taxonomy":"product_cat","embeddable":true,"href":"https:\/\/juguetessexualess.es\/en\/wp-json\/wp\/v2\/product_cat?post=259326"},{"taxonomy":"product_tag","embeddable":true,"href":"https:\/\/juguetessexualess.es\/en\/wp-json\/wp\/v2\/product_tag?post=259326"}],"curies":[{"name":"wp","href":"https:\/\/api.w.org\/{rel}","templated":true}]}}