{"id":259954,"date":"2026-05-11T09:59:44","date_gmt":"2026-05-11T06:59:44","guid":{"rendered":"https:\/\/juguetessexualess.es\/product\/leg-avenue-medias-hasta-la-rodilla-con-volantes-negro-en\/"},"modified":"2026-05-11T09:59:44","modified_gmt":"2026-05-11T06:59:44","slug":"leg-avenue-medias-hasta-la-rodilla-con-volantes-negro-en","status":"publish","type":"product","link":"https:\/\/juguetessexualess.es\/en\/product\/leg-avenue-medias-hasta-la-rodilla-con-volantes-negro-en\/","title":{"rendered":"LEG AVENUE &#8211; MEDIAS HASTA LA RODILLA CON VOLANTES NEGRO"},"content":{"rendered":"<p>\u00a1Hemos tomado los calcetines cl\u00e1sicos de mujer y los hemos hecho a\u00fan m\u00e1s lindos! Con volantes de encaje combinados con corazones, estos calcetines hasta la rodilla de Leg Avenue son un sue\u00f1o hecho realidad. Confeccionados con tejido de punto el\u00e1stico, ofrecen m\u00e1xima comodidad y sirven como una excelente alternativa a las mallas y medias. Combina estos adorables calcetines con faldas y pantalones cortos para lograr un look divertido y coqueto.<\/p>\n<p>El dise\u00f1o hasta la rodilla de estas medias es tanto pr\u00e1ctico como estiloso, permitiendo que se combinen con una variedad de prendas. Se pueden llevar con faldas cortas, vestidos o incluso pantalones cortos, creando un look chic y atractivo. Tambi\u00e9n son perfectas para usarse con botas, a\u00f1adiendo un detalle visible de encaje que sobresale por encima del calzado y realza el conjunto.<\/p>\n<p>Estas medias son ideales para diversas ocasiones, desde el uso diario hasta eventos especiales. Pueden a\u00f1adir un toque de elegancia a un atuendo casual o complementar un conjunto m\u00e1s formal, demostrando su versatilidad y estilo.<\/p>\n<p>\u00a0<\/p>\n<p><u><strong>CARACTERISTICAS:<\/strong><\/u><\/p>\n<ul>\n<li>Medias hasta la rodilla de punto con escote coraz\u00f3n y pu\u00f1o con volantes de encaje<\/li>\n<li>Talla unica<\/li>\n<li>Composicion: 95% nylon, 5% elastano<\/li>\n<li>Color: Negro y Blanco<\/li>\n<li>Tejido de calceter\u00eda de alta calidad para un uso duradero<\/li>\n<li>Material ultrasuave y el\u00e1stico<\/li>\n<\/ul>\n<p>\u00a0<\/p>\n<p><strong>Leg Avenue<\/strong>\u00a0tiene los productos que estabas buscando comprometi\u00e9ndose a ofrecer a los clientes productos innovadores, precios competitivos y una gran satisfacci\u00f3n, reci\u00e9n llegados desde el distrito m\u00e1s fashion de Los \u00c1ngeles.<\/p>\n<p>\u00a1Aqu\u00ed todo se trata de ti! Entendemos que cada cuerpo es \u00fanico y creemos que todas las mujeres deben verse y sentirse fant\u00e1sticas, independientemente de su tama\u00f1o o forma. As\u00ed que ten la seguridad de que nuestros dise\u00f1os siempre est\u00e1n enfocados a resaltar tus mejores caracter\u00edsticas. Y en serio, lo decimos en serio cuando decimos que valoramos las telas s\u00faper suaves y la elasticidad del siguiente nivel. Comodidad y estilo? \u00a1Doble verificaci\u00f3n!<\/p>\n<p>La variedad es la clave de nuestro \u00e9xito y puedes verlo en nuestros estilos. Nuestros dise\u00f1adores mezclan y combinan materiales como profesionales, dando a nuestras creaciones ese aire de lujo inconfundible para que te sientas absolutamente de primera. Ya sea un encaje que hace que tus sentidos hormigueen o un sat\u00e9n s\u00faper suave que tus manos no pueden resistir, hacemos todo lo posible para brindarte algo especial.<\/p>\n<p><strong>Leg Avenue<\/strong> est\u00e1 llena de pasi\u00f3n, diversi\u00f3n y autoexpresi\u00f3n. Queremos que seas completamente t\u00fa mismo, con un toque de picard\u00eda y monta\u00f1as de confianza. Descubra c\u00f3mo nuestra lencer\u00eda, medias y disfraces elevan su apariencia al siguiente nivel. \u00a1Juntos aspiramos a lo fant\u00e1stico y demostramos que el estilo no tiene talla!<\/p>\n","protected":false},"excerpt":{"rendered":"<p>LEG AVENUE &#8211; KNEE-HIGH SOCKS WITH RUFFLES BLACK<\/p>\n","protected":false},"featured_media":203887,"comment_status":"closed","ping_status":"closed","template":"","meta":{"_seopress_robots_primary_cat":"","_seopress_titles_title":"","_seopress_titles_desc":"","_seopress_robots_index":"","_seopress_analysis_target_kw":""},"product_brand":[],"product_cat":[1128,1181,987,1166,1140],"product_tag":[],"class_list":{"0":"post-259954","1":"product","2":"type-product","3":"status-publish","4":"has-post-thumbnail","6":"product_cat-moda-lenceria","7":"product_cat-medias","8":"product_cat-offers","9":"product_cat-lenceria-sexy","10":"product_cat-lenceria-mujer","11":"yith_product_brand-leg-avenue","12":"yith_product_brand-leg-avenueleg-avenue-hosiery","14":"first","15":"instock","16":"taxable","17":"shipping-taxable","18":"purchasable","19":"product-type-variable","20":"has-default-attributes"},"jetpack_sharing_enabled":true,"_links":{"self":[{"href":"https:\/\/juguetessexualess.es\/en\/wp-json\/wp\/v2\/product\/259954","targetHints":{"allow":["GET"]}}],"collection":[{"href":"https:\/\/juguetessexualess.es\/en\/wp-json\/wp\/v2\/product"}],"about":[{"href":"https:\/\/juguetessexualess.es\/en\/wp-json\/wp\/v2\/types\/product"}],"replies":[{"embeddable":true,"href":"https:\/\/juguetessexualess.es\/en\/wp-json\/wp\/v2\/comments?post=259954"}],"version-history":[{"count":0,"href":"https:\/\/juguetessexualess.es\/en\/wp-json\/wp\/v2\/product\/259954\/revisions"}],"wp:featuredmedia":[{"embeddable":true,"href":"https:\/\/juguetessexualess.es\/en\/wp-json\/wp\/v2\/media\/203887"}],"wp:attachment":[{"href":"https:\/\/juguetessexualess.es\/en\/wp-json\/wp\/v2\/media?parent=259954"}],"wp:term":[{"taxonomy":"product_brand","embeddable":true,"href":"https:\/\/juguetessexualess.es\/en\/wp-json\/wp\/v2\/product_brand?post=259954"},{"taxonomy":"product_cat","embeddable":true,"href":"https:\/\/juguetessexualess.es\/en\/wp-json\/wp\/v2\/product_cat?post=259954"},{"taxonomy":"product_tag","embeddable":true,"href":"https:\/\/juguetessexualess.es\/en\/wp-json\/wp\/v2\/product_tag?post=259954"}],"curies":[{"name":"wp","href":"https:\/\/api.w.org\/{rel}","templated":true}]}}