{"id":259957,"date":"2026-05-11T09:59:45","date_gmt":"2026-05-11T06:59:45","guid":{"rendered":"https:\/\/juguetessexualess.es\/product\/leg-avenue-medias-rejilla-sin-entrepierna-negro-en\/"},"modified":"2026-05-11T09:59:45","modified_gmt":"2026-05-11T06:59:45","slug":"leg-avenue-medias-rejilla-sin-entrepierna-negro-en","status":"publish","type":"product","link":"https:\/\/juguetessexualess.es\/en\/product\/leg-avenue-medias-rejilla-sin-entrepierna-negro-en\/","title":{"rendered":"LEG AVENUE &#8211; MEDIAS REJILLA SIN ENTREPIERNA NEGRO"},"content":{"rendered":"<p>Las medias de rejilla de corte franc\u00e9s sin entrepierna con costura trasera en forma de coraz\u00f3n y espalda con cordones sint\u00e9ticos son una pieza de lencer\u00eda dise\u00f1ada para resaltar la sensualidad y el glamour de quien las lleva. Este tipo de medias combina elementos cl\u00e1sicos y modernos, ofreciendo un atractivo visual que no pasa desapercibido.<\/p>\n<p>Son extremadamente vers\u00e1tiles y pueden ser combinadas con una variedad de atuendos, desde vestidos y faldas hasta conjuntos de lencer\u00eda m\u00e1s elaborados. Son ideales para ocasiones especiales donde se busca impresionar y destacar, ya sea una noche rom\u00e1ntica o una salida elegante.<\/p>\n<p>Su dise\u00f1o detallado y provocativo no solo realza la belleza natural de las piernas, sino que tambi\u00e9n a\u00f1ade un toque de elegancia y sensualidad, convirti\u00e9ndolas en una opci\u00f3n perfecta para quienes desean sentirse atractivas y seguras de s\u00ed mismas.<\/p>\n<p>\u00a0<\/p>\n<p><u><strong>CARACTERISTICAS:<\/strong><\/u><\/p>\n<ul>\n<li>Medias de rejilla de corte franc\u00e9s sin entrepierna con costura trasera en forma de coraz\u00f3n y espalda con cordones sint\u00e9ticos.<\/li>\n<li>Talla unica<\/li>\n<li>Composicion: 95% nailon, 5% spandex<\/li>\n<li>Color: Negro y Rojo<\/li>\n<li>Ultrasuave y el\u00e1stico para m\u00e1xima comodidad<\/li>\n<\/ul>\n<p>\u00a0<\/p>\n<p><strong>Leg Avenue<\/strong>\u00a0tiene los productos que estabas buscando comprometi\u00e9ndose a ofrecer a los clientes productos innovadores, precios competitivos y una gran satisfacci\u00f3n, reci\u00e9n llegados desde el distrito m\u00e1s fashion de Los \u00c1ngeles.<\/p>\n<p>\u00a1Aqu\u00ed todo se trata de ti! Entendemos que cada cuerpo es \u00fanico y creemos que todas las mujeres deben verse y sentirse fant\u00e1sticas, independientemente de su tama\u00f1o o forma. As\u00ed que ten la seguridad de que nuestros dise\u00f1os siempre est\u00e1n enfocados a resaltar tus mejores caracter\u00edsticas. Y en serio, lo decimos en serio cuando decimos que valoramos las telas s\u00faper suaves y la elasticidad del siguiente nivel. Comodidad y estilo? \u00a1Doble verificaci\u00f3n!<\/p>\n<p>La variedad es la clave de nuestro \u00e9xito y puedes verlo en nuestros estilos. Nuestros dise\u00f1adores mezclan y combinan materiales como profesionales, dando a nuestras creaciones ese aire de lujo inconfundible para que te sientas absolutamente de primera. Ya sea un encaje que hace que tus sentidos hormigueen o un sat\u00e9n s\u00faper suave que tus manos no pueden resistir, hacemos todo lo posible para brindarte algo especial.<\/p>\n<p><strong>Leg Avenue<\/strong> est\u00e1 llena de pasi\u00f3n, diversi\u00f3n y autoexpresi\u00f3n. Queremos que seas completamente t\u00fa mismo, con un toque de picard\u00eda y monta\u00f1as de confianza. Descubra c\u00f3mo nuestra lencer\u00eda, medias y disfraces elevan su apariencia al siguiente nivel. \u00a1Juntos aspiramos a lo fant\u00e1stico y demostramos que el estilo no tiene talla!<\/p>\n","protected":false},"excerpt":{"rendered":"<p>LEG AVENUE &#8211; CROTCHLESS FISHNET STOCKINGS BLACK<\/p>\n","protected":false},"featured_media":203900,"comment_status":"closed","ping_status":"closed","template":"","meta":{"_seopress_robots_primary_cat":"","_seopress_titles_title":"","_seopress_titles_desc":"","_seopress_robots_index":"","_seopress_analysis_target_kw":""},"product_brand":[],"product_cat":[1128,1181,1166,1140],"product_tag":[],"class_list":{"0":"post-259957","1":"product","2":"type-product","3":"status-publish","4":"has-post-thumbnail","6":"product_cat-moda-lenceria","7":"product_cat-medias","8":"product_cat-lenceria-sexy","9":"product_cat-lenceria-mujer","10":"yith_product_brand-leg-avenue","11":"yith_product_brand-leg-avenueleg-avenue-hosiery","13":"first","14":"instock","15":"taxable","16":"shipping-taxable","17":"purchasable","18":"product-type-variable","19":"has-default-attributes"},"jetpack_sharing_enabled":true,"_links":{"self":[{"href":"https:\/\/juguetessexualess.es\/en\/wp-json\/wp\/v2\/product\/259957","targetHints":{"allow":["GET"]}}],"collection":[{"href":"https:\/\/juguetessexualess.es\/en\/wp-json\/wp\/v2\/product"}],"about":[{"href":"https:\/\/juguetessexualess.es\/en\/wp-json\/wp\/v2\/types\/product"}],"replies":[{"embeddable":true,"href":"https:\/\/juguetessexualess.es\/en\/wp-json\/wp\/v2\/comments?post=259957"}],"version-history":[{"count":0,"href":"https:\/\/juguetessexualess.es\/en\/wp-json\/wp\/v2\/product\/259957\/revisions"}],"wp:featuredmedia":[{"embeddable":true,"href":"https:\/\/juguetessexualess.es\/en\/wp-json\/wp\/v2\/media\/203900"}],"wp:attachment":[{"href":"https:\/\/juguetessexualess.es\/en\/wp-json\/wp\/v2\/media?parent=259957"}],"wp:term":[{"taxonomy":"product_brand","embeddable":true,"href":"https:\/\/juguetessexualess.es\/en\/wp-json\/wp\/v2\/product_brand?post=259957"},{"taxonomy":"product_cat","embeddable":true,"href":"https:\/\/juguetessexualess.es\/en\/wp-json\/wp\/v2\/product_cat?post=259957"},{"taxonomy":"product_tag","embeddable":true,"href":"https:\/\/juguetessexualess.es\/en\/wp-json\/wp\/v2\/product_tag?post=259957"}],"curies":[{"name":"wp","href":"https:\/\/api.w.org\/{rel}","templated":true}]}}