{"id":260011,"date":"2026-05-11T10:00:05","date_gmt":"2026-05-11T07:00:05","guid":{"rendered":"https:\/\/juguetessexualess.es\/product\/leg-avenue-vestido-de-rejilla-cruzado-fucsia-talla-unica-en\/"},"modified":"2026-05-11T10:00:05","modified_gmt":"2026-05-11T07:00:05","slug":"leg-avenue-vestido-de-rejilla-cruzado-fucsia-talla-unica-en","status":"publish","type":"product","link":"https:\/\/juguetessexualess.es\/en\/product\/leg-avenue-vestido-de-rejilla-cruzado-fucsia-talla-unica-en\/","title":{"rendered":"LEG AVENUE &#8211; VESTIDO DE REJILLA CRUZADO NARANJA TALLA \u00daNICA"},"content":{"rendered":"<p>El minivestido con escote halter y retorcido de red es una prenda de moda audaz y sofisticada que combina elementos cl\u00e1sicos con detalles contempor\u00e1neos. Este vestido se distingue por su dise\u00f1o innovador y su capacidad para resaltar la silueta de quien lo lleva.<\/p>\n<p>El minivestido tiene un corte ajustado que se ci\u00f1e al cuerpo, resaltando las curvas naturales y ofreciendo una apariencia seductora. La longitud mini del vestido, que suele llegar a la mitad del muslo, a\u00f1ade un toque juvenil y atrevido, ideal para ocasiones nocturnas y eventos sociales donde se quiera destacar.<\/p>\n<p>Este vestido es una prenda que combina sensualidad, elegancia y modernidad. Su dise\u00f1o cuidadosamente pensado y sus detalles \u00fanicos lo convierten en una elecci\u00f3n perfecta para quienes desean destacar y sentirse seguras de s\u00ed mismas en cualquier ocasi\u00f3n especial.<\/p>\n<p>\u00a0<\/p>\n<p><u><strong>CARACTERISTICAS:<\/strong><\/u><\/p>\n<ul>\n<li>Minivestido halter tejido de red retorcido<\/li>\n<li>Talla unica<\/li>\n<li>Composicion: 97% nailon, 3% elastano<\/li>\n<li>Color: Fucsia, Verde, Naranja<\/li>\n<li>Tejido de lencer\u00eda\u00a0el\u00e1stico y transpirable.<\/li>\n<li>Vestido escote cruzado<\/li>\n<\/ul>\n<p>\u00a0<\/p>\n<p><strong>Leg Avenue<\/strong>\u00a0tiene los productos que estabas buscando comprometi\u00e9ndose a ofrecer a los clientes productos innovadores, precios competitivos y una gran satisfacci\u00f3n, reci\u00e9n llegados desde el distrito m\u00e1s fashion de Los \u00c1ngeles.<\/p>\n<p>\u00a1Aqu\u00ed todo se trata de ti! Entendemos que cada cuerpo es \u00fanico y creemos que todas las mujeres deben verse y sentirse fant\u00e1sticas, independientemente de su tama\u00f1o o forma. As\u00ed que ten la seguridad de que nuestros dise\u00f1os siempre est\u00e1n enfocados a resaltar tus mejores caracter\u00edsticas. Y en serio, lo decimos en serio cuando decimos que valoramos las telas s\u00faper suaves y la elasticidad del siguiente nivel. Comodidad y estilo? \u00a1Doble verificaci\u00f3n!<\/p>\n<p>La variedad es la clave de nuestro \u00e9xito y puedes verlo en nuestros estilos. Nuestros dise\u00f1adores mezclan y combinan materiales como profesionales, dando a nuestras creaciones ese aire de lujo inconfundible para que te sientas absolutamente de primera. Ya sea un encaje que hace que tus sentidos hormigueen o un sat\u00e9n s\u00faper suave que tus manos no pueden resistir, hacemos todo lo posible para brindarte algo especial.<\/p>\n<p><strong>Leg Avenue<\/strong> est\u00e1 llena de pasi\u00f3n, diversi\u00f3n y autoexpresi\u00f3n. Queremos que seas completamente t\u00fa mismo, con un toque de picard\u00eda y monta\u00f1as de confianza. Descubra c\u00f3mo nuestra lencer\u00eda, medias y disfraces elevan su apariencia al siguiente nivel. \u00a1Juntos aspiramos a lo fant\u00e1stico y demostramos que el estilo no tiene talla!<\/p>\n","protected":false},"excerpt":{"rendered":"<p>LEG AVENUE &#8211; NET CROSSED DRESS FUCHSIA ONE SIZE<\/p>\n","protected":false},"featured_media":209110,"comment_status":"closed","ping_status":"closed","template":"","meta":{"_seopress_robots_primary_cat":"","_seopress_titles_title":"","_seopress_titles_desc":"","_seopress_robots_index":"","_seopress_analysis_target_kw":""},"product_brand":[],"product_cat":[1128,1165,1156,1140],"product_tag":[],"class_list":{"0":"post-260011","1":"product","2":"type-product","3":"status-publish","4":"has-post-thumbnail","6":"product_cat-moda-lenceria","7":"product_cat-vestidos-sexys","8":"product_cat-lenceria-picante","9":"product_cat-lenceria-mujer","10":"yith_product_brand-leg-avenue","11":"yith_product_brand-leg-avenueleg-avenue-dresses","13":"first","14":"instock","15":"taxable","16":"shipping-taxable","17":"purchasable","18":"product-type-variable","19":"has-default-attributes"},"jetpack_sharing_enabled":true,"_links":{"self":[{"href":"https:\/\/juguetessexualess.es\/en\/wp-json\/wp\/v2\/product\/260011","targetHints":{"allow":["GET"]}}],"collection":[{"href":"https:\/\/juguetessexualess.es\/en\/wp-json\/wp\/v2\/product"}],"about":[{"href":"https:\/\/juguetessexualess.es\/en\/wp-json\/wp\/v2\/types\/product"}],"replies":[{"embeddable":true,"href":"https:\/\/juguetessexualess.es\/en\/wp-json\/wp\/v2\/comments?post=260011"}],"version-history":[{"count":0,"href":"https:\/\/juguetessexualess.es\/en\/wp-json\/wp\/v2\/product\/260011\/revisions"}],"wp:featuredmedia":[{"embeddable":true,"href":"https:\/\/juguetessexualess.es\/en\/wp-json\/wp\/v2\/media\/209110"}],"wp:attachment":[{"href":"https:\/\/juguetessexualess.es\/en\/wp-json\/wp\/v2\/media?parent=260011"}],"wp:term":[{"taxonomy":"product_brand","embeddable":true,"href":"https:\/\/juguetessexualess.es\/en\/wp-json\/wp\/v2\/product_brand?post=260011"},{"taxonomy":"product_cat","embeddable":true,"href":"https:\/\/juguetessexualess.es\/en\/wp-json\/wp\/v2\/product_cat?post=260011"},{"taxonomy":"product_tag","embeddable":true,"href":"https:\/\/juguetessexualess.es\/en\/wp-json\/wp\/v2\/product_tag?post=260011"}],"curies":[{"name":"wp","href":"https:\/\/api.w.org\/{rel}","templated":true}]}}