{"id":260497,"date":"2026-05-11T10:02:45","date_gmt":"2026-05-11T07:02:45","guid":{"rendered":"https:\/\/juguetessexualess.es\/product\/mob-medias-de-mallas-transparentes-negras-talla-l-en\/"},"modified":"2026-05-11T10:02:45","modified_gmt":"2026-05-11T07:02:45","slug":"mob-medias-de-mallas-transparentes-negras-talla-l-en","status":"publish","type":"product","link":"https:\/\/juguetessexualess.es\/en\/product\/mob-medias-de-mallas-transparentes-negras-talla-l-en\/","title":{"rendered":"MOB &#8211; MEDIAS DE MALLAS TRANSPARENTES NEGRAS TALLA S"},"content":{"rendered":"<p>Presentamos las sofisticadas medias de malla de MOB, con un dise\u00f1o intrincado que busca un equilibrio perfecto entre comodidad y estilo contempor\u00e1neo. Estas medias han sido cuidadosamente elaboradas para el hombre moderno que aprecia los detalles finos de la vida y anhela realzar su silueta. Producidas \u00e9ticamente en el coraz\u00f3n de Colombia, estas medias no solo presumen de calidad, sino que tambi\u00e9n cuentan una historia de empoderamiento, al ser elaboradas a mano por dedicadas mujeres cabezas de familia. Testimonio de pr\u00e1cticas sostenibles, se crean utilizando fuentes de energ\u00eda renovables, reflejando nuestro compromiso con un futuro m\u00e1s verde. Los toques finales de esta obra maestra son los elementos de dise\u00f1o canadiense que la distinguen de cualquier otra en el mercado. Cada puntada, cada tono, cada detalle es un gui\u00f1o a la artesan\u00eda superior que caracteriza a MOB. Al usar estas medias de malla, no solo llevas una prenda, sino que marcas tu estilo.<\/p>\n<p>\u00a0<\/p>\n<p><u><strong>Acerca de la marca<\/strong><\/u><\/p>\n<p>MaleBasics se fund\u00f3 en 2003 con la necesidad de ofrecer a los hombres la marca perfecta para cualquier tipo de ropa interior que prefieran. Desde ropa deportiva hasta tangas, pasando por calzoncillos sexys y trajes de ba\u00f1o; todas las opciones que un hombre podr\u00eda desear. No solo las mujeres quieren lucir bien en ropa interior. MaleBasics entiende que los hombres quieren verse sexys y seguros con su ropa interior. Al ofrecer una amplia selecci\u00f3n, la marca se asegura de que puedan lograr precisamente eso. Desde los c\u00f3modos b\u00f3xers hasta las tangas o tangas que se ajustan al cuerpo; los hombres tienen una amplia gama de opciones para vestirse para cualquier ocasi\u00f3n.<\/p>\n<p>\u00a0<\/p>\n","protected":false},"excerpt":{"rendered":"<p>MOB &#8211; BLACK TRANSPARENT TIGHTS SIZE L<\/p>\n","protected":false},"featured_media":218430,"comment_status":"closed","ping_status":"closed","template":"","meta":{"_seopress_robots_primary_cat":"","_seopress_titles_title":"","_seopress_titles_desc":"","_seopress_robots_index":"","_seopress_analysis_target_kw":""},"product_brand":[],"product_cat":[1128,1127],"product_tag":[],"class_list":{"0":"post-260497","1":"product","2":"type-product","3":"status-publish","4":"has-post-thumbnail","6":"product_cat-moda-lenceria","7":"product_cat-lenceria-hombre","9":"first","10":"instock","11":"taxable","12":"shipping-taxable","13":"purchasable","14":"product-type-variable","15":"has-default-attributes"},"jetpack_sharing_enabled":true,"_links":{"self":[{"href":"https:\/\/juguetessexualess.es\/en\/wp-json\/wp\/v2\/product\/260497","targetHints":{"allow":["GET"]}}],"collection":[{"href":"https:\/\/juguetessexualess.es\/en\/wp-json\/wp\/v2\/product"}],"about":[{"href":"https:\/\/juguetessexualess.es\/en\/wp-json\/wp\/v2\/types\/product"}],"replies":[{"embeddable":true,"href":"https:\/\/juguetessexualess.es\/en\/wp-json\/wp\/v2\/comments?post=260497"}],"version-history":[{"count":0,"href":"https:\/\/juguetessexualess.es\/en\/wp-json\/wp\/v2\/product\/260497\/revisions"}],"wp:featuredmedia":[{"embeddable":true,"href":"https:\/\/juguetessexualess.es\/en\/wp-json\/wp\/v2\/media\/218430"}],"wp:attachment":[{"href":"https:\/\/juguetessexualess.es\/en\/wp-json\/wp\/v2\/media?parent=260497"}],"wp:term":[{"taxonomy":"product_brand","embeddable":true,"href":"https:\/\/juguetessexualess.es\/en\/wp-json\/wp\/v2\/product_brand?post=260497"},{"taxonomy":"product_cat","embeddable":true,"href":"https:\/\/juguetessexualess.es\/en\/wp-json\/wp\/v2\/product_cat?post=260497"},{"taxonomy":"product_tag","embeddable":true,"href":"https:\/\/juguetessexualess.es\/en\/wp-json\/wp\/v2\/product_tag?post=260497"}],"curies":[{"name":"wp","href":"https:\/\/api.w.org\/{rel}","templated":true}]}}